{"id":92,"date":"2015-10-14T08:51:51","date_gmt":"2015-10-14T08:51:51","guid":{"rendered":"http:\/\/balvanyos.local\/?page_id=92"},"modified":"2024-05-22T12:14:32","modified_gmt":"2024-05-22T10:14:32","slug":"parc-aventura","status":"publish","type":"page","link":"https:\/\/balvanyosresort.ro\/ro\/parc-aventura\/","title":{"rendered":"Balvanyos Adventure Park"},"content":{"rendered":"<div class=\"wpb-content-wrapper\"><p>[vc_row][vc_column]<article class='booklet booklet-wide booklet-left'><div class=\"booklet-image\"><img decoding=\"async\" src=\"https:\/\/balvanyosresort.ro\/wp-content\/uploads\/2015\/10\/797B00E8-B037-4DC9-9CDD-7ED53C65BEC1-750x576.png\" \/><\/div><div class=\"booklet-text\"><h3>Testeaz\u0103-\u021bi limitele!<\/h3><p>Parcul de Aventur\u0103 te a\u015fteapt\u0103 s\u0103-\u0163i testezi limitele, sub atenta \u00eendrumare a colegilor no\u0219tri. Traseele au grad diferit de dificultate astfel \u00eenc\u00e2t, at\u00e2t adul\u0163ii, c\u00e2t \u015fi copiii se pot bucura \u00een siguran\u0163\u0103 de tiroliene, traseele de c\u0103\u021b\u0103rare sau de diferite obstacole.<\/p><p>Traseul cel mai special este cel de teambuilding, recomandat pentru grupuri. Acest traseu contribuie la formarea \u0219i \u00eent\u0103rirea spiritului de echip\u0103 \u0219i ajut\u0103 \u00eent\u0103rirea \u00eencrederii reciproce prin faptul c\u0103 membrii grupului\u00a0 au nevoie de colaborare \u00een parcurgerea obstacolelor.<\/p>\n<\/div><\/article><article class='booklet booklet-wide booklet-right'><div class=\"booklet-image\"><img decoding=\"async\" src=\"https:\/\/balvanyosresort.ro\/wp-content\/uploads\/2015\/10\/IMAG0096-01-1024x576.jpeg\" \/><\/div><div class=\"booklet-text\"><h3>Dificultate progresiv\u0103<\/h3><p>Traseele sunt de dificultate progresiv\u0103, astfel aceast\u0103 activitate poate fi practicat\u0103 de toat\u0103 lumea.<\/p>\n<p>Dificultatea traseelor este indicat\u0103 de culori: \u00eencep\u0103tori copii (galben), \u00eencep\u0103tori adul\u021bi (verde), avansa\u021bi (albastru), profesioni\u015fti (ro\u015fu), trasee pentru echipe, tiroliene<\/p><\/div><\/article><article class='booklet booklet-wide booklet-left'><div class=\"booklet-image\"><img decoding=\"async\" src=\"https:\/\/balvanyosresort.ro\/wp-content\/uploads\/2024\/05\/DSC_1381-1024x576.jpg\" \/><\/div><div class=\"booklet-text\"><h3>Pre\u021buri<\/h3><p><\/p><table width=\"532\">\n<tbody>\n<tr>\n<td width=\"272\">Categorie<\/td>\n<td width=\"130\">Individual<\/td>\n<td width=\"130\">Extra or\u0103<\/td>\n<\/tr>\n<tr>\n<td width=\"272\">Adul\u021bi (de la 18 ani)<\/td>\n<td width=\"130\">70 RON<\/td>\n<td width=\"130\">15 RON<\/td>\n<\/tr>\n<tr>\n<td width=\"272\">Grupuri adulti (\u00eencep\u00e2nd cu 10 pers.)<\/td>\n<td width=\"130\">55 RON<\/td>\n<td width=\"130\">15 RON<\/td>\n<\/tr>\n<tr>\n<td width=\"272\">Elevi\/Studen\u0163i (12-25 ani)<\/td>\n<td width=\"130\">50 RON<\/td>\n<td width=\"130\">10 RON<\/td>\n<\/tr>\n<tr>\n<td width=\"272\">Copii (de la 8 la 11 ani)<\/td>\n<td width=\"130\">50 RON<\/td>\n<td width=\"130\">10 RON<\/td>\n<\/tr>\n<tr>\n<td width=\"272\">Pici (de la 4 la 7 ani)<\/td>\n<td width=\"130\">40 RON<\/td>\n<td><\/td>\n<\/tr>\n<\/tbody>\n<\/table>\n<p>Biletul de intrare la Parcul de aventur\u0103 se achizi\u021bioneaz\u0103 la recep\u021bia hotelului. Se folose\u0219te doar cu supraveghere \u0219i cu folosirea echipamentelor de siguran\u021b\u0103.<\/p>\n<p><strong style=\"text-align: center;\">Program de func\u021bionare:<\/strong><\/p>\n<p>1 Aprilie &#8211; 30 Octombrie, \u00een func\u021bie de condi\u021biile meteorologice.<\/p>\n<p>Zilnic:\u00a0 10.00-16:00, ultima intrare la ora 14:00<\/p>\n<\/div><\/article>[\/vc_column][\/vc_row]<\/p>\n<\/div>","protected":false},"excerpt":{"rendered":"<p>[vc_row][vc_column][\/vc_column][\/vc_row]<\/p>\n","protected":false},"author":8,"featured_media":14472,"parent":0,"menu_order":0,"comment_status":"closed","ping_status":"closed","template":"template-activities.php","meta":{"_acf_changed":false,"_exactmetrics_skip_tracking":false,"_exactmetrics_sitenote_active":false,"_exactmetrics_sitenote_note":"","_exactmetrics_sitenote_category":0,"footnotes":""},"class_list":["post-92","page","type-page","status-publish","has-post-thumbnail","hentry"],"acf":[],"_links":{"self":[{"href":"https:\/\/balvanyosresort.ro\/ro\/wp-json\/wp\/v2\/pages\/92","targetHints":{"allow":["GET"]}}],"collection":[{"href":"https:\/\/balvanyosresort.ro\/ro\/wp-json\/wp\/v2\/pages"}],"about":[{"href":"https:\/\/balvanyosresort.ro\/ro\/wp-json\/wp\/v2\/types\/page"}],"author":[{"embeddable":true,"href":"https:\/\/balvanyosresort.ro\/ro\/wp-json\/wp\/v2\/users\/8"}],"replies":[{"embeddable":true,"href":"https:\/\/balvanyosresort.ro\/ro\/wp-json\/wp\/v2\/comments?post=92"}],"version-history":[{"count":0,"href":"https:\/\/balvanyosresort.ro\/ro\/wp-json\/wp\/v2\/pages\/92\/revisions"}],"wp:featuredmedia":[{"embeddable":true,"href":"https:\/\/balvanyosresort.ro\/ro\/wp-json\/wp\/v2\/media\/14472"}],"wp:attachment":[{"href":"https:\/\/balvanyosresort.ro\/ro\/wp-json\/wp\/v2\/media?parent=92"}],"curies":[{"name":"wp","href":"https:\/\/api.w.org\/{rel}","templated":true}]}}