{"id":785,"date":"2015-11-09T10:22:08","date_gmt":"2015-11-09T10:22:08","guid":{"rendered":"http:\/\/balvanyos.local\/?page_id=785"},"modified":"2024-04-15T15:35:49","modified_gmt":"2024-04-15T13:35:49","slug":"atractii-turistice","status":"publish","type":"page","link":"https:\/\/balvanyosresort.ro\/ro\/atractii-turistice\/","title":{"rendered":"Atrac\u021bii turistice"},"content":{"rendered":"<div class=\"wpb-content-wrapper\"><p>[vc_row el_id=&#8221;lacul-sfanta-ana&#8221;][vc_column]<article class='booklet booklet-wide booklet-left'><div class=\"booklet-image\"><img decoding=\"async\" src=\"https:\/\/balvanyosresort.ro\/wp-content\/uploads\/2022\/11\/19934953_1255395_76e2625b6ae12bb2e655e04b461789a3_wm-1024x576.jpg\" \/><\/div><div class=\"booklet-text\"><h3>Lacul Sf\u00e2nta Ana<\/h3><p>Lacul Sf\u00e2nta Ana este situat la 10 km distan\u021b\u0103 de Balvanyos Resort la o altitudine de 950 m, unde se poate ajunge pe un splendid drum cu serpentine, ce permite admirarea unor peisaje fascinante.<br \/>\nEste singurul lac vulcanic din Europa, cu craterul complet , fiind \u00eenconjurat de p\u0103duri seculare. Perimetrul lacului are 1,7 km iar ad\u00e2ncimea acestuia este de 7 m.<br \/>\nApa lacului, de un verde \u00eenchis reflect\u0103 culoarea p\u0103durilor care \u00eel \u00eenconjoar\u0103 iar solemna lini\u0219te ce o experimentezi la o plimbare \u00een jurul lacului d\u0103 senzatia perfec\u021biunii.<br \/>\nMisterul legendei lacului, de la care provine \u0219i numele acestuia, r\u0103m\u00e2ne s\u0103 fie descifrat la gura \u0219emineului de la Balvanyos Resort.<\/p><\/div><\/article>[\/vc_column][\/vc_row][vc_row el_id=&#8221;tinovul-mohos&#8221;][vc_column]<article class='booklet booklet-wide booklet-right'><div class=\"booklet-image\"><img decoding=\"async\" src=\"https:\/\/balvanyosresort.ro\/wp-content\/uploads\/2015\/11\/10603369_856928510986296_9104896643073786838_n-960x576.jpg\" \/><\/div><div class=\"booklet-text\"><h3>Tinovul Moho\u0219<\/h3><p>Tinovul Moho\u0219 este craterul vulcanic geam\u0103n al craterului Sf\u00e2nta Ana, o rezerva\u021bie natural\u0103 de 80 de hectare, care se viziteaz\u0103 doar cu ghid specializat, \u00een ore specifice. \u00cen urm\u0103 cu zeci de mii de ani, cei doi vulcani erupeau simultan iar la ultima erup\u021bie a vulcanului de la Sf. Ana, cenu\u0219a acestuia a fost aruncat\u0103 pe lacul format la Moho\u0219.<br \/>\nO parte din cenu\u0219\u0103 s-a scufundat \u00een lac iar alta s-a a\u0219ternut pe luciul apei unde a ap\u0103rut muschiul de turb\u0103, rezult\u00e2nd un tinov oligotrof unic, cu o vegeta\u021bie asem\u0103n\u0103toare tundrei siberiene.<br \/>\nDac\u0103 ve\u021bi p\u0103trunde \u00een lumea unic\u0103 \u0219i fantastic\u0103 a Tinovului Mohos unde pute\u021bi observa plante considerate \u201crarit\u0103\u021bi vegetale\u201d ve\u021bi fi fermeca\u021bi<br \/>\nde frumuse\u021bea unic\u0103 a locului.<\/p><\/div><\/article>[\/vc_column][\/vc_row][vc_row el_id=&#8221;pestera-sulfuroasa&#8221;][vc_column]<article class='booklet booklet-wide booklet-left'><div class=\"booklet-image\"><img decoding=\"async\" src=\"https:\/\/balvanyosresort.ro\/wp-content\/uploads\/2022\/11\/25333131-1024x576.jpg\" \/><\/div><div class=\"booklet-text\"><h3>Pe\u0219tera sulfuroas\u0103<\/h3><p>Este cea mai mare mofet\u0103 natural\u0103 din Europa ce emite zilnic cca 3000 mc hidrogen sulfuric.<br \/>\nEmana\u0163iile postvulcanice de gaze se dovedesc a fi factori curativi naturali pentru cei suferinzi de afec\u0163iuni de cord \u015fi afec\u0163iuni ale sistemului cardiovascular, av\u00e2nd ca \u0219i efect accelerarea circula\u021biei periferice a s\u00e2ngelui.<\/p><\/div><\/article>[\/vc_column][\/vc_row][vc_row el_id=&#8221;cetatea-balvanyos&#8221;][vc_column]<article class='booklet booklet-wide booklet-right'><div class=\"booklet-image\"><img decoding=\"async\" src=\"https:\/\/balvanyosresort.ro\/wp-content\/uploads\/2022\/11\/BAL_3130-1024x681-1-1024x576.jpg\" \/><\/div><div class=\"booklet-text\"><h3>Cetatea B\u00e1lv\u00e1nyos<\/h3><p>Cetatea se afl\u0103 la o altitudine de 1029 m pe dealul Cetate, deasupra sta\u0163iunii balneoclimaterice B\u00e1lv\u00e1nyos.<br \/>\nConstructia cet\u0103\u021bii dateaz\u0103 din anii 1100 av\u00e2nd ca \u0219i rol principal observarea inamicului \u0219i semnalizarea pericolului c\u0103tre locuitorii zonei, fiind locuit\u0103 p\u00e2n\u0103 la sf\u00e2r\u0219itul secolului 17. Conform legendelor era ultimul refugiu al p\u0103g\u00e2niilor din regiune.<br \/>\nDe pe dealul cet\u0103\u021bii ave\u021bi parte de o panoram\u0103 frumoas\u0103.<\/p><\/div><\/article>[\/vc_column][\/vc_row][vc_row el_id=&#8221;statiunea-balvanyos&#8221;][vc_column]<article class='booklet booklet-wide booklet-left'><div class=\"booklet-image\"><img decoding=\"async\" src=\"https:\/\/balvanyosresort.ro\/wp-content\/uploads\/2022\/12\/balvanyosvar-balvanyosfurdo-resize22156D31-39E5-F58C-B8B7-9BDCFF625EBC-800x576.jpg\" \/><\/div><div class=\"booklet-text\"><h3>Sta\u021biunea Balvanyos<\/h3><p>Izvoarele de apa mineral\u0103 \u0219i mofetele descoperite \u00een aceasta zon\u0103 au stat la baza formarii statiunii Balvanyos.<br \/>\nMul\u0163umit\u0103 compozi\u0163iei lor chimice aceste izvoare sunt remarcabile sub forma curelor de b\u0103ut, \u00een tratamentele afec\u0163iunilor stomacale \u015fi intestinale, iar mofetele, se dovedesc a fi factori curativi naturali pentru cei suferinzi de afec\u0163iuni de cord \u015fi ale sistemului vascular.<\/p><\/div><\/article>[\/vc_column][\/vc_row][vc_row el_id=&#8221;tinovul-buffogo&#8221;][vc_column]<article class='booklet booklet-wide booklet-right'><div class=\"booklet-image\"><img decoding=\"async\" src=\"https:\/\/balvanyosresort.ro\/wp-content\/uploads\/2022\/11\/buffogo-1-1024x576.jpg\" \/><\/div><div class=\"booklet-text\"><h3>Tinovul Buffog\u00f3<\/h3><p>Este o turb\u0103rie de aproape un hectar, bogat\u0103 \u00een izvoare de ap\u0103 dulce, cu emenatii de bioxid de carbon, situat\u0103 \u00een partea st\u00e2ng\u0103 a p\u00e2r\u00e2ului Balvanyos.<br \/>\nEste cunoscut\u0103 \u0219i sub denumirea \u201eTinovul R\u0103bufnitoarea\u201d fiind considerat\u0103 zon\u0103 protejat\u0103, unde cresc plante rare, relicte din era glaciar\u0103 precum bumb\u0103c\u0103ri\u021ba, roua cerului, trestia de camp, specii de rogoz etc.<\/p><\/div><\/article>[\/vc_column][\/vc_row][vc_row el_id=&#8221;pestera-ucigasa&#8221;][vc_column]<article class='booklet booklet-wide booklet-left'><div class=\"booklet-image\"><img decoding=\"async\" src=\"https:\/\/balvanyosresort.ro\/wp-content\/uploads\/2022\/12\/Grota-Ucigasa-20110125134519-1.jpg\" \/><\/div><div class=\"booklet-text\"><h3>Grota uciga\u0219\u0103<\/h3><p>Este cea mai mare \u015fi cea mai periculoas\u0103 dintre pe\u015fterile muntelui Puturosu pentru c\u0103 aici, nivelul de gaz ucig\u0103tor, respectiv monoxidul si bioxidul de carbon nu sunt semnalate de depunerile de sulf, galbene.<br \/>\nAsemenea Pe\u015fterii sulfuroase, a func\u0163ionat odinioar\u0103 ca min\u0103 de sulf.<br \/>\n\u00cen pe\u015fter\u0103, nivelul gazului de monoxid si bioxid de carbon este ridicat din cauza acumul\u0103rii conglomeratelor de la intrare.<\/p><\/div><\/article>[\/vc_column][\/vc_row][vc_row el_id=&#8221;cimitirul-pasarilor&#8221;][vc_column]<article class='booklet booklet-wide booklet-right'><div class=\"booklet-image\"><img decoding=\"async\" src=\"https:\/\/balvanyosresort.ro\/wp-content\/uploads\/2022\/12\/87_1280-1024x576.jpg\" \/><\/div><div class=\"booklet-text\"><h3>Cimitirul p\u0103s\u0103rilor<\/h3><p>Aceasta nu este altceva dec\u00e2t o galerie a unei mine sulfurice care s-a surpat \u015fi unde s-a acumulat hidrogen sulfuric.<br \/>\nP\u0103s\u0103rile care au un zbor razant \u015fi care ajung sub nivelul gazului, cad moarte in caverna, si raman nedescompuse din cauza sulfului , o lunga perioada de timp. De aici provine \u015fi numele de \u201cCimitirul P\u0103s\u0103rilor\u201d.<\/p><\/div><\/article>[\/vc_column][\/vc_row][vc_row][vc_column][\/vc_column][\/vc_row][vc_row][vc_column]<article class='booklet booklet-wide booklet-left'><div class=\"booklet-image\"><img decoding=\"async\" src=\"https:\/\/balvanyosresort.ro\/wp-content\/uploads\/2022\/12\/balvanyos_252-1024x576.jpg\" \/><\/div><div class=\"booklet-text\"><h3>B\u0102ILE FETELOR APOR &amp; IZVOARELE T\u0102M\u0102DUITOARE<\/h3><p>Este o baie tradi\u021bional\u0103 cu multe izvoare de ap\u0103 mineral\u0103 de diferite compozitie chimic\u0103 \u0219i propriet\u0103\u021bi curative.<br \/>\nCuprinde cele mai rare tipuri de ape minerale, 8 izvoare cu diferi\u021bi parametri fizico-chimici, pH-ul acestora variaz\u0103 \u00eentre 1,82-4,28. Izvoarele \u0219i bazinele de aici sunt considerate unice \u00een Europa, con\u021bin\u00e2nd pe l\u00e2ng\u0103 alaun \u0219i o cantitate mic\u0103 de acid sulfuric (vitriol).<br \/>\nIzvoare cu compozi\u021bii asem\u0103n\u0103toare se mai g\u0103sesc doar \u00een Columbia \u0219i pe Insulele Java.<\/p>\n<p>Izvoarele T\u0103m\u0103duitoare cuprind \u0219ase izvoare intens mineralizate, patru din ele fiind amenajate pentru b\u0103i de picioare (bazine de lemn unite printr-o platform\u0103). Sunt folosite \u00een terapii tradi\u021bionale (reumatism, afec\u021biuni ale aparatelor locomotor, genital, afec\u021biuni ale sistemul circulator periferic \u0219i ale sistemului nervos etc.)<br \/>\nApa bolborose\u0219te datorit\u0103 emana\u021biilor gazoase de origine vulcanic\u0103, constituind de fapt mofete umede.<\/p><\/div><\/article>[\/vc_column][\/vc_row][vc_row][vc_column]<article class='booklet booklet-wide booklet-right'><div class=\"booklet-image\"><img decoding=\"async\" src=\"https:\/\/balvanyosresort.ro\/wp-content\/uploads\/2015\/11\/IMG_0440-1024x576.jpg\" \/><\/div><div class=\"booklet-text\"><h3>B\u0102ILE MIKES<\/h3><p>Bazinele de la B\u0103ile Mikes au ap\u0103 carbogazoas\u0103, fiecare av\u00e2nd con\u021binut diferit de minerale, fiind folosite \u00eenc\u0103 din secolul al IX-lea cu scopuri terapeutice.<br \/>\nVe\u021bi g\u0103si aici un sistem natural format din 3 bazine de mici dimensiuni amenajate \u00een stil rustic, \u0219i o mofet\u0103 tradi\u021bional\u0103 unic\u0103 \u00een regiune.<\/p><\/div><\/article>[\/vc_column][\/vc_row][vc_row][vc_column]<article class='booklet booklet-wide booklet-left'><div class=\"booklet-image\"><img decoding=\"async\" src=\"https:\/\/balvanyosresort.ro\/wp-content\/uploads\/2022\/12\/295279274_5578004198911599_1799039458542531973_n-1024x576.jpg\" \/><\/div><div class=\"booklet-text\"><h3>B\u0102ILE CSISZ\u00c1R<\/h3><p>Bazinele de ap\u0103 mineral\u0103 de la B\u0103ile Csisz\u00e1r au ap\u0103 carbogazoas\u0103, fiecare av\u00e2nd con\u021binut diferit de minerale. Erau folosite cu scopuri terapeutice \u00eenc\u0103 din secolul al IX-lea. Cele 7 bazine au culori diferite, sunt amenajate \u00een piscine din lemn \u00een stil rustic, sunt ideale pentru \u00eenot. Aceste ape miraculoase sunt recomandate pentru bolile reumatismale<br \/>\n\u0219i locomotorice. Fostul izvor Iordan este folosit\u0103 \u00een cur\u0103 pentru tratamentul<br \/>\nafec\u021biunilor biliare \u015fi ale ficatului.<\/p><\/div><\/article>[\/vc_column][\/vc_row]<\/p>\n<\/div>","protected":false},"excerpt":{"rendered":"<p>[vc_row el_id=&#8221;lacul-sfanta-ana&#8221;][vc_column][\/vc_column][\/vc_row][vc_row el_id=&#8221;tinovul-mohos&#8221;][vc_column][\/vc_column][\/vc_row][vc_row el_id=&#8221;pestera-sulfuroasa&#8221;][vc_column][\/vc_column][\/vc_row][vc_row el_id=&#8221;cetatea-balvanyos&#8221;][vc_column][\/vc_column][\/vc_row][vc_row el_id=&#8221;statiunea-balvanyos&#8221;][vc_column][\/vc_column][\/vc_row][vc_row el_id=&#8221;tinovul-buffogo&#8221;][vc_column][\/vc_column][\/vc_row][vc_row el_id=&#8221;pestera-ucigasa&#8221;][vc_column][\/vc_column][\/vc_row][vc_row el_id=&#8221;cimitirul-pasarilor&#8221;][vc_column][\/vc_column][\/vc_row][vc_row][vc_column][\/vc_column][\/vc_row][vc_row][vc_column][\/vc_column][\/vc_row][vc_row][vc_column][\/vc_column][\/vc_row][vc_row][vc_column][\/vc_column][\/vc_row]<\/p>\n","protected":false},"author":8,"featured_media":14494,"parent":0,"menu_order":0,"comment_status":"closed","ping_status":"closed","template":"template-activities.php","meta":{"_acf_changed":false,"_exactmetrics_skip_tracking":false,"_exactmetrics_sitenote_active":false,"_exactmetrics_sitenote_note":"","_exactmetrics_sitenote_category":0,"footnotes":""},"class_list":["post-785","page","type-page","status-publish","has-post-thumbnail","hentry"],"acf":[],"_links":{"self":[{"href":"https:\/\/balvanyosresort.ro\/ro\/wp-json\/wp\/v2\/pages\/785","targetHints":{"allow":["GET"]}}],"collection":[{"href":"https:\/\/balvanyosresort.ro\/ro\/wp-json\/wp\/v2\/pages"}],"about":[{"href":"https:\/\/balvanyosresort.ro\/ro\/wp-json\/wp\/v2\/types\/page"}],"author":[{"embeddable":true,"href":"https:\/\/balvanyosresort.ro\/ro\/wp-json\/wp\/v2\/users\/8"}],"replies":[{"embeddable":true,"href":"https:\/\/balvanyosresort.ro\/ro\/wp-json\/wp\/v2\/comments?post=785"}],"version-history":[{"count":0,"href":"https:\/\/balvanyosresort.ro\/ro\/wp-json\/wp\/v2\/pages\/785\/revisions"}],"wp:featuredmedia":[{"embeddable":true,"href":"https:\/\/balvanyosresort.ro\/ro\/wp-json\/wp\/v2\/media\/14494"}],"wp:attachment":[{"href":"https:\/\/balvanyosresort.ro\/ro\/wp-json\/wp\/v2\/media?parent=785"}],"curies":[{"name":"wp","href":"https:\/\/api.w.org\/{rel}","templated":true}]}}