{"id":5004,"date":"2018-09-17T10:58:38","date_gmt":"2018-09-17T08:58:38","guid":{"rendered":"http:\/\/balvanyos.local\/?page_id=5004"},"modified":"2026-03-11T15:07:09","modified_gmt":"2026-03-11T13:07:09","slug":"cariere","status":"publish","type":"page","link":"https:\/\/balvanyosresort.ro\/ro\/cariere\/","title":{"rendered":"Cariere"},"content":{"rendered":"<div class=\"wpb-content-wrapper\"><p>[vc_row][vc_column][vc_column_text]<\/p>\n<h4 style=\"text-align: center;\">Dac\u0103 sunte\u0163i specializat \u00een domeniul serviciilor turistice \u015fi dori\u0163i s\u0103 lucra\u0163i \u00een cadrul Balvanyos Resort, v\u0103 rug\u0103m s\u0103 ne trimite\u0163i CV-ul Dumneavoastr\u0103 pe adresa: hr@balvanyosresort.ro sau ne pute\u0163i contacta la num\u0103rul de telefon: +40 786 513 807.<\/h4>\n<p>[\/vc_column_text][\/vc_column][\/vc_row][vc_row][vc_column]<article class='booklet booklet-wide booklet-right'><div class=\"booklet-image\"><img decoding=\"async\" src=\"https:\/\/balvanyosresort.ro\/wp-content\/uploads\/2019\/01\/DSC_4114-Edit-1024x576.jpg\" \/><\/div><div class=\"booklet-text\"><h3>OSP\u0102TAR<\/h3><p><\/p><p><strong>Cerin\u021be profesionale: <\/strong>cunoa\u0219terea principiilor \u0219i metodelor de servire a clien\u021bilor, experien\u021b\u0103 de minimum 2 ani pe un post similar, cunoa\u0219terea de limbi str\u0103ine constituie avantaj, calificarea \u00een domeniu (reprezint\u0103 avantaj)<\/p>\n<p><strong>Abilit\u0103\u021bi personale: <\/strong>abilit\u0103\u021bi excelente de comunicare, aten\u021bie distributiv\u0103, responsabilitate, capacitate de adaptare, aspect pl\u0103cut \u0219i \u00eengrijit, orientare spre clien\u021bi, spirit de echip\u0103<\/p>\n<p><strong>Descrierea postului: <\/strong>preg\u0103tirea locului de servire, informarea oaspe\u021bilor cu privire la serviciile oferite, preluarea \u0219i transmiterea comenzilor<\/p>\n<p>, servirea preparatelor culinare \u0219i a b\u0103uturilor conform standardelor profesionale, \u00eencasarea contravalorii serviciilor oferite<\/p>\n<p><strong>Beneficii: <\/strong>contract pe perioad\u0103 nedeterminat\u0103, pachet salarial motivant<\/p>\n<\/div><\/article>[\/vc_column][\/vc_row][vc_row][vc_column]<article class='booklet booklet-wide booklet-left'><div class=\"booklet-image\"><img decoding=\"async\" src=\"https:\/\/balvanyosresort.ro\/wp-content\/uploads\/2022\/09\/balvanyos_183-1024x576.jpg\" \/><\/div><div class=\"booklet-text\"><h3>Kinetoterapeut\/Maseur<\/h3><p><\/p><p><strong>Cerin\u021be profesionale:<\/strong>\u00a0calificare \u00een domeniu, cunoa\u0219terea tipurilor de masaje \u0219i a terapiilor corporale<\/p>\n<p><strong>Abilit\u0103\u021bi personale: <\/strong>abilit\u0103\u021bi excelente de comunicare, orientare spre clien\u021bi, aspect pl\u0103cut \u0219i \u00eengrijit<\/p>\n<p><strong>Descrierea postului: <\/strong>efectuarea masajelor terapeutice \u0219i de relaxare precum \u0219i a terapiilor corporale<\/p>\n<p><strong>Beneficii: <\/strong>contract pe perioad\u0103 nedeterminat\u0103, pachet salarial motivant<\/p>\n<\/div><\/article>[\/vc_column][\/vc_row]<\/p>\n<\/div>","protected":false},"excerpt":{"rendered":"<p>[vc_row][vc_column][vc_column_text] Dac\u0103 sunte\u0163i specializat \u00een domeniul serviciilor turistice \u015fi dori\u0163i s\u0103 lucra\u0163i \u00een cadrul Balvanyos Resort, v\u0103 rug\u0103m s\u0103 ne trimite\u0163i CV-ul Dumneavoastr\u0103 pe adresa: hr@balvanyosresort.ro sau ne pute\u0163i contacta la num\u0103rul de telefon: +40 786 513 807. [\/vc_column_text][\/vc_column][\/vc_row][vc_row][vc_column][\/vc_column][\/vc_row][vc_row][vc_column][\/vc_column][\/vc_row]<\/p>\n","protected":false},"author":1,"featured_media":14507,"parent":0,"menu_order":0,"comment_status":"closed","ping_status":"closed","template":"","meta":{"_acf_changed":false,"_exactmetrics_skip_tracking":false,"_exactmetrics_sitenote_active":false,"_exactmetrics_sitenote_note":"","_exactmetrics_sitenote_category":0,"footnotes":""},"class_list":["post-5004","page","type-page","status-publish","has-post-thumbnail","hentry"],"acf":[],"_links":{"self":[{"href":"https:\/\/balvanyosresort.ro\/ro\/wp-json\/wp\/v2\/pages\/5004","targetHints":{"allow":["GET"]}}],"collection":[{"href":"https:\/\/balvanyosresort.ro\/ro\/wp-json\/wp\/v2\/pages"}],"about":[{"href":"https:\/\/balvanyosresort.ro\/ro\/wp-json\/wp\/v2\/types\/page"}],"author":[{"embeddable":true,"href":"https:\/\/balvanyosresort.ro\/ro\/wp-json\/wp\/v2\/users\/1"}],"replies":[{"embeddable":true,"href":"https:\/\/balvanyosresort.ro\/ro\/wp-json\/wp\/v2\/comments?post=5004"}],"version-history":[{"count":0,"href":"https:\/\/balvanyosresort.ro\/ro\/wp-json\/wp\/v2\/pages\/5004\/revisions"}],"wp:featuredmedia":[{"embeddable":true,"href":"https:\/\/balvanyosresort.ro\/ro\/wp-json\/wp\/v2\/media\/14507"}],"wp:attachment":[{"href":"https:\/\/balvanyosresort.ro\/ro\/wp-json\/wp\/v2\/media?parent=5004"}],"curies":[{"name":"wp","href":"https:\/\/api.w.org\/{rel}","templated":true}]}}