{"id":17121,"date":"2024-07-19T13:32:25","date_gmt":"2024-07-19T11:32:25","guid":{"rendered":"https:\/\/balvanyosresort.ro\/?page_id=17121"},"modified":"2024-08-21T12:21:53","modified_gmt":"2024-08-21T10:21:53","slug":"spa-kids-friendly","status":"publish","type":"page","link":"https:\/\/balvanyosresort.ro\/ro\/spa\/spa-kids-friendly\/","title":{"rendered":"Spa Kids Friendly"},"content":{"rendered":"<div class=\"wpb-content-wrapper\"><p>[vc_row][vc_column][vc_column_text]<\/p>\n<h1>SPA KIDS FRIENDLY<\/h1>\n<p>Grand Santerra Spa s-a dezvoltat cu un Spa nou dedicat familiilor cu copii. Situat \u00een cl\u0103direa hotelului Peakture, cu o suprafa\u021b\u0103 total\u0103 de 2000 m\u00b2 este un adev\u0103rat paradis pentru copii, unde e loc pentru distrac\u021bie \u0219i voie bun\u0103. Zona splash creat special pentru ei cuprinde piscin\u0103 cu mic\u0103 ad\u00e2ncime, loc de joac\u0103 interactiv \u0219i colorat cu f\u00e2nt\u00e2ni arteziene \u00een diferite forme florale care se transform\u0103 \u00een stropitori. Piscina mare este ideal\u0103 pentru \u00eenot, iar jacuzzi-ul este col\u021bul relax\u0103rii pentru toat\u0103 lumea. Interiorul Spa-ului are multe spa\u021bii de relaxare, \u0219ezlongurile din puf \u00ee\u021bi ofer\u0103 confort \u0219i odihn\u0103. Terasele exterioare sunt spa\u021bioase unde te bucuri de aerul curat, soare \u0219i peisajul montan.[\/vc_column_text][\/vc_column][\/vc_row][vc_row][vc_column][vc_column_text]<\/p>\n<h3 style=\"text-align: center;\">Spa-ul nou se \u00eentinde pe\u00a0 2000 m\u00b2 av\u00e2nd \u00een componen\u021b\u0103 urm\u0103toarele facilit\u0103\u021bi:<\/h3>\n<p>[\/vc_column_text][\/vc_column][\/vc_row][vc_row][vc_column]<article class='booklet booklet-wide booklet-left'><div class=\"booklet-image\"><img decoding=\"async\" src=\"https:\/\/balvanyosresort.ro\/wp-content\/uploads\/2024\/07\/DS1_8686-1-1024x576.jpg\" \/><\/div><div class=\"booklet-text\"><h3>Piscin\u0103 de \u00eenot<\/h3><p><\/p><ul class='menu-vertical booklet-menu'>\n<li>Zon\u0103 de \u00eenot<\/li>\n<li>Ap\u0103 de izvor<\/li>\n<li>28 \u00b0C<\/li>\n<li>Ad\u00e2ncime 140 cm<\/li>\n<li>Lungime 25 m<\/li>\n<\/ul>\n<\/div><\/article>[\/vc_column][\/vc_row][vc_row][vc_column]<article class='booklet booklet-wide booklet-right'><div class=\"booklet-image\"><img decoding=\"async\" src=\"https:\/\/balvanyosresort.ro\/wp-content\/uploads\/2024\/07\/DS1_8893-2-1024x576.jpg\" \/><\/div><div class=\"booklet-text\"><h3>Zon\u0103 Splash<\/h3><p><\/p><ul class='menu-vertical booklet-menu'>\n<li>Ap\u0103 de izvor<\/li>\n<li>Piscin\u0103 cu 40 de cm ad\u00e2ncime<\/li>\n<li>31 \u00b0C<\/li>\n<li>F\u00e2nt\u00e2ni arteziene, stropitori de diferite forme florale<\/li>\n<\/ul>\n<\/div><\/article>[\/vc_column][\/vc_row][vc_row][vc_column]<article class='booklet booklet-wide booklet-left'><div class=\"booklet-image\"><img decoding=\"async\" src=\"https:\/\/balvanyosresort.ro\/wp-content\/uploads\/2024\/07\/WhatsApp-Image-2024-07-26-at-12.13.50-1024x576.jpeg\" \/><\/div><div class=\"booklet-text\"><h3>JACUZZI<\/h3><p><\/p><ul class='menu-vertical booklet-menu'>\n<li>ap\u0103 de izvor<\/li>\n<li>36 \u00b0C<\/li>\n<li>hidromasaj<\/li>\n<\/ul>\n<\/div><\/article>[\/vc_column][\/vc_row][vc_row][vc_column]<article class='booklet booklet-wide booklet-right'><div class=\"booklet-image\"><img decoding=\"async\" src=\"https:\/\/balvanyosresort.ro\/wp-content\/uploads\/2024\/07\/DS1_8751-1-1024x576.jpg\" \/><\/div><div class=\"booklet-text\"><h3>Spa\u021bii exterioare de relaxare<\/h3><p><\/p><ul class='menu-vertical booklet-menu'>\n<li>\u0219ezlonguri confortabile<\/li>\n<li>atmosfer\u0103 relaxant\u0103<\/li>\n<li>zon\u0103 de plaj\u0103<\/li>\n<\/ul>\n<\/div><\/article>[\/vc_column][\/vc_row][vc_row][vc_column][vc_column_text]<\/p>\n<h3>Galerie foto<\/h3>\n<p>[\/vc_column_text][\/vc_column][\/vc_row][vc_row][vc_column width=&#8221;1\/2&#8243;][vc_single_image image=&#8221;15666&#8243; img_size=&#8221;gallery_preview&#8221;][\/vc_column][vc_column width=&#8221;1\/2&#8243;][vc_gallery type=&#8221;image_grid&#8221; images=&#8221;15663,15660,15657,15654,15651,15648,15645,15642,15639,15636,15633,15630,15627,15624,15621,15618,15615,15612&#8243; img_size=&#8221;gallery_thumbnail&#8221;][\/vc_column][\/vc_row]<\/p>\n<\/div>","protected":false},"excerpt":{"rendered":"<p>[vc_row][vc_column][vc_column_text] SPA KIDS FRIENDLY Grand Santerra Spa s-a dezvoltat cu un Spa nou dedicat familiilor cu copii. Situat \u00een cl\u0103direa hotelului Peakture, cu o suprafa\u021b\u0103 total\u0103 de 2000 m\u00b2 este un adev\u0103rat paradis pentru copii, unde e loc pentru distrac\u021bie \u0219i voie bun\u0103. Zona splash creat special pentru ei cuprinde piscin\u0103 cu mic\u0103 ad\u00e2ncime, loc [&hellip;]<\/p>\n","protected":false},"author":6,"featured_media":15654,"parent":1525,"menu_order":0,"comment_status":"closed","ping_status":"closed","template":"template-spa.php","meta":{"_acf_changed":false,"_exactmetrics_skip_tracking":false,"_exactmetrics_sitenote_active":false,"_exactmetrics_sitenote_note":"","_exactmetrics_sitenote_category":0,"footnotes":""},"class_list":["post-17121","page","type-page","status-publish","has-post-thumbnail","hentry"],"acf":[],"_links":{"self":[{"href":"https:\/\/balvanyosresort.ro\/ro\/wp-json\/wp\/v2\/pages\/17121","targetHints":{"allow":["GET"]}}],"collection":[{"href":"https:\/\/balvanyosresort.ro\/ro\/wp-json\/wp\/v2\/pages"}],"about":[{"href":"https:\/\/balvanyosresort.ro\/ro\/wp-json\/wp\/v2\/types\/page"}],"author":[{"embeddable":true,"href":"https:\/\/balvanyosresort.ro\/ro\/wp-json\/wp\/v2\/users\/6"}],"replies":[{"embeddable":true,"href":"https:\/\/balvanyosresort.ro\/ro\/wp-json\/wp\/v2\/comments?post=17121"}],"version-history":[{"count":0,"href":"https:\/\/balvanyosresort.ro\/ro\/wp-json\/wp\/v2\/pages\/17121\/revisions"}],"up":[{"embeddable":true,"href":"https:\/\/balvanyosresort.ro\/ro\/wp-json\/wp\/v2\/pages\/1525"}],"wp:featuredmedia":[{"embeddable":true,"href":"https:\/\/balvanyosresort.ro\/ro\/wp-json\/wp\/v2\/media\/15654"}],"wp:attachment":[{"href":"https:\/\/balvanyosresort.ro\/ro\/wp-json\/wp\/v2\/media?parent=17121"}],"curies":[{"name":"wp","href":"https:\/\/api.w.org\/{rel}","templated":true}]}}