{"id":1550,"date":"2016-03-02T14:38:44","date_gmt":"2016-03-02T14:38:44","guid":{"rendered":"http:\/\/balvanyos.local\/?page_id=1550"},"modified":"2025-01-27T10:57:26","modified_gmt":"2025-01-27T08:57:26","slug":"spa-adults-only","status":"publish","type":"page","link":"https:\/\/balvanyosresort.ro\/ro\/spa\/spa-adults-only\/","title":{"rendered":"Spa Adults Only"},"content":{"rendered":"<div class=\"wpb-content-wrapper\"><p>[vc_row][vc_column]<article class='booklet booklet-wide booklet-right'><div class=\"booklet-image\"><img decoding=\"async\" src=\"https:\/\/balvanyosresort.ro\/wp-content\/uploads\/2016\/03\/00-1024x576.jpg\" \/><\/div><div class=\"booklet-text\"><h3>concept unic<\/h3><p>\u00cen linie cu evolu\u0163ia actual\u0103 a conceptului de Spa, v\u0103 oferim o colec\u0163ie de facilit\u0103\u0163i a c\u0103ror combina\u0163ie atinge nu numai nivelul fizic al st\u0103rii de bine, dar \u015fi pe cel mental \u015fi senzorial.<\/p><p>Materialele naturale \u015fi nobile folosite, \u00een spa\u0163ii interioare \u015fi exterioare perfect dimensionate, creeaz\u0103 un mediu al relax\u0103rii \u0219i regener\u0103rii \u00een care va ve\u0163i sim\u0163i \u00een perfect\u0103 aromie cu \u00eemprejurimile ve\u015fnic verzi.<\/p>\n<\/div><\/article>[\/vc_column][\/vc_row][vc_row][vc_column][vc_column_text]<\/p>\n<h3 style=\"text-align: center;\">Spa-ul se \u00eentinde pe aproape 2000 m\u00b2 av\u00e2nd \u00een componen\u021b\u0103 facilit\u0103\u021bi unice<\/h3>\n<p>[\/vc_column_text][vc_empty_space][\/vc_column][\/vc_row][vc_row][vc_column]<article class='booklet booklet-wide booklet-left'><div class=\"booklet-image\"><img decoding=\"async\" src=\"https:\/\/balvanyosresort.ro\/wp-content\/uploads\/2024\/04\/Balvanyos_SPA_misa_2048px_DSC06628-1024x576.jpg\" \/><\/div><div class=\"booklet-text\"><h3>Piscin\u0103 wellness<\/h3><p><\/p><ul class='menu-vertical booklet-menu'>\n<li>ap\u0103 de izvor<\/li>\n<li>30 \u00b0C<\/li>\n<li>zon\u0103 de \u00eenot<\/li>\n<li>zone de hidromasaje<\/li>\n<\/ul>\n<\/div><\/article>[\/vc_column][\/vc_row][vc_row][vc_column]<article class='booklet booklet-wide booklet-right'><div class=\"booklet-image\"><img decoding=\"async\" src=\"https:\/\/balvanyosresort.ro\/wp-content\/uploads\/2016\/03\/2-1024x576.jpg\" \/><\/div><div class=\"booklet-text\"><h3>Bazin cu hidromasaj<\/h3><p><\/p><ul class='menu-vertical booklet-menu'>\n<li>ap\u0103 s\u0103rat\u0103<\/li>\n<li>sare de Praid<\/li>\n<li>38 \u00b0C<\/li>\n<\/ul>\n<\/div><\/article>[\/vc_column][\/vc_row][vc_row][vc_column]<article class='booklet booklet-wide booklet-left'><div class=\"booklet-image\"><img decoding=\"async\" src=\"https:\/\/balvanyosresort.ro\/wp-content\/uploads\/2024\/04\/DSC_3512-1024x576.jpg\" \/><\/div><div class=\"booklet-text\"><h3>Bazin cu hidromasaj<\/h3><p><\/p><ul class='menu-vertical booklet-menu'>\n<li>ap\u0103 de izvor<\/li>\n<li>37 \u00b0C<\/li>\n<li>jet-cascad\u0103<\/li>\n<\/ul>\n<\/div><\/article>[\/vc_column][\/vc_row][vc_row][vc_column]<article class='booklet booklet-wide booklet-right'><div class=\"booklet-image\"><img decoding=\"async\" src=\"https:\/\/balvanyosresort.ro\/wp-content\/uploads\/2024\/04\/balvanyos_217-1024x576.jpg\" \/><\/div><div class=\"booklet-text\"><h3>Bazine kneipp<\/h3><p><\/p><ul class='menu-vertical booklet-menu'>\n<li>Bazin rece 14 \u00b0C,<\/li>\n<li>Bazin cald 36 \u00b0C<\/li>\n<\/ul>\n<\/div><\/article>[\/vc_column][\/vc_row][vc_row][vc_column]<article class='booklet booklet-wide booklet-left'><div class=\"booklet-image\"><img decoding=\"async\" src=\"https:\/\/balvanyosresort.ro\/wp-content\/uploads\/2024\/04\/DSC_2595-1024x576.jpg\" \/><\/div><div class=\"booklet-text\"><h3>Jacuzzi exterior<\/h3><p><\/p><ul class='menu-vertical booklet-menu'>\n<li>ap\u0103 de izvor<\/li>\n<li>hidromasaj<\/li>\n<li>36 \u00b0C<\/li>\n<\/ul>\n<\/div><\/article>[\/vc_column][\/vc_row][vc_row][vc_column]<article class='booklet booklet-wide booklet-right'><div class=\"booklet-image\"><img decoding=\"async\" src=\"https:\/\/balvanyosresort.ro\/wp-content\/uploads\/2024\/04\/DSC_2575-1024x576.jpg\" \/><\/div><div class=\"booklet-text\"><h3>Piscin\u0103 exterioar\u0103<\/h3><p><\/p><ul class='menu-vertical booklet-menu'>\n<li>ap\u0103 de izvor<\/li>\n<li>24 \u00b0C<\/li>\n<\/ul>\n<\/div><\/article>[\/vc_column][\/vc_row][vc_row][vc_column]<article class='booklet booklet-wide booklet-left'><div class=\"booklet-image\"><img decoding=\"async\" src=\"https:\/\/balvanyosresort.ro\/wp-content\/uploads\/2024\/04\/DS2_4666-1024x576.jpg\" \/><\/div><div class=\"booklet-text\"><h3>Camer\u0103 salin\u0103<\/h3><p><\/p><ul class='menu-vertical booklet-menu'>\n<li>construit\u0103 din c\u0103r\u0103mizi de sare de Praid<\/li>\n<li>cu emisie\u00a0de aer\u00a0salin<\/li>\n<\/ul>\n<\/div><\/article>[\/vc_column][\/vc_row][vc_row][vc_column]<article class='booklet booklet-wide booklet-right'><div class=\"booklet-image\"><img decoding=\"async\" src=\"https:\/\/balvanyosresort.ro\/wp-content\/uploads\/2024\/10\/DS1_3085-Enhanced-NR-1024x576.jpg\" \/><\/div><div class=\"booklet-text\"><h3>Saune<\/h3><p><\/p><ul class='menu-vertical booklet-menu'>\n<li><strong>NEW! <\/strong><a href=\"https:\/\/balvanyosresort.ro\/ro\/spa\/experiente-in-sauna\/\">Experien\u021be inedite \u00een saun\u0103<\/a><\/li>\n<li>Saun\u0103 cu arom\u0103 de p\u00e2ine 45 \u00b0C, c\u0103ldur\u0103 uscat\u0103, p\u00e2ine proasp\u0103t\u0103<\/li>\n<li>Saun\u0103 secuiasc\u0103 pe lemne, aromaterapie cu crengi de brazi,\u00a060 \u00b0C, 15% umiditate<\/li>\n<li>Saun\u0103 finlandez\u0103, 90 \u00b0C<\/li>\n<li>Saun\u0103 cu infraro\u0219u, 55\u00a0\u00b0C<\/li>\n<li>Baie cu aburi 50 \u00b0C, 55 % umiditate<\/li>\n<\/ul>\n<p>&nbsp;<\/p>\n<\/div><\/article>[\/vc_column][\/vc_row][vc_row][vc_column]<article class='booklet booklet-wide booklet-left'><div class=\"booklet-image\"><img decoding=\"async\" src=\"https:\/\/balvanyosresort.ro\/wp-content\/uploads\/2022\/09\/balvanyos_183-1024x576.jpg\" \/><\/div><div class=\"booklet-text\"><h3>Camere de terapie Spa<\/h3><p><\/p><ul class='menu-vertical booklet-menu'>\n<li><a href=\"https:\/\/balvanyosresort.ro\/ro\/spa\/menu-spa\/\">masaje<\/a><\/li>\n<li>tratamente faciale<\/li>\n<li>tratamente corporale<\/li>\n<li>aplica\u021bii cu n\u0103mol \u00een camera de vapori<\/li>\n<\/ul>\n<\/div><\/article>[\/vc_column][\/vc_row][vc_row][vc_column]<article class='booklet booklet-wide booklet-right'><div class=\"booklet-image\"><img decoding=\"async\" src=\"https:\/\/balvanyosresort.ro\/wp-content\/uploads\/2024\/04\/DS2_4703-1024x576.jpg\" \/><\/div><div class=\"booklet-text\"><h3>Sal\u0103 de fitness<\/h3><p><\/p><ul class='menu-vertical booklet-menu'>\n<li>echipament\u00a0profesional<\/li>\n<li>teras\u0103 exterioar\u0103<\/li>\n<\/ul>\n<\/div><\/article>[\/vc_column][\/vc_row][vc_row][vc_column]<article class='booklet booklet-wide booklet-left'><div class=\"booklet-image\"><img decoding=\"async\" src=\"https:\/\/balvanyosresort.ro\/wp-content\/uploads\/2024\/04\/DSC_0369-1024x576.jpg\" \/><\/div><div class=\"booklet-text\"><h3>Spa\u021bii de relaxare<\/h3><p><\/p><ul class='menu-vertical booklet-menu'>\n<li>interioare<\/li>\n<li>exterioare<\/li>\n<\/ul>\n<\/div><\/article>[\/vc_column][\/vc_row][vc_row][vc_column]<article class='booklet booklet-wide booklet-right'><div class=\"booklet-image\"><img decoding=\"async\" src=\"https:\/\/balvanyosresort.ro\/wp-content\/uploads\/2024\/04\/DS2_4688-1024x576.jpg\" \/><\/div><div class=\"booklet-text\"><h3>Spa Caf\u00e9<\/h3><p>F\u0103-\u021bi relaxarea \u0219i mai pl\u0103cut\u0103 cu un smoothie s\u0103n\u0103tos, cocktail-uri, b\u0103uturi r\u0103coritoare, \u00eenghe\u021bate delicioase sau alte dulciuri locale.<\/p><\/div><\/article>[\/vc_column][\/vc_row]<\/p>\n<\/div>","protected":false},"excerpt":{"rendered":"<p>[vc_row][vc_column][\/vc_column][\/vc_row][vc_row][vc_column][vc_column_text] Spa-ul se \u00eentinde pe aproape 2000 m\u00b2 av\u00e2nd \u00een componen\u021b\u0103 facilit\u0103\u021bi unice [\/vc_column_text][vc_empty_space][\/vc_column][\/vc_row][vc_row][vc_column][\/vc_column][\/vc_row][vc_row][vc_column][\/vc_column][\/vc_row][vc_row][vc_column][\/vc_column][\/vc_row][vc_row][vc_column][\/vc_column][\/vc_row][vc_row][vc_column][\/vc_column][\/vc_row][vc_row][vc_column][\/vc_column][\/vc_row][vc_row][vc_column][\/vc_column][\/vc_row][vc_row][vc_column][\/vc_column][\/vc_row][vc_row][vc_column][\/vc_column][\/vc_row][vc_row][vc_column][\/vc_column][\/vc_row][vc_row][vc_column][\/vc_column][\/vc_row][vc_row][vc_column][\/vc_column][\/vc_row]<\/p>\n","protected":false},"author":1,"featured_media":0,"parent":1525,"menu_order":0,"comment_status":"closed","ping_status":"closed","template":"template-spa.php","meta":{"_acf_changed":false,"_exactmetrics_skip_tracking":false,"_exactmetrics_sitenote_active":false,"_exactmetrics_sitenote_note":"","_exactmetrics_sitenote_category":0,"footnotes":""},"class_list":["post-1550","page","type-page","status-publish","hentry"],"acf":[],"_links":{"self":[{"href":"https:\/\/balvanyosresort.ro\/ro\/wp-json\/wp\/v2\/pages\/1550","targetHints":{"allow":["GET"]}}],"collection":[{"href":"https:\/\/balvanyosresort.ro\/ro\/wp-json\/wp\/v2\/pages"}],"about":[{"href":"https:\/\/balvanyosresort.ro\/ro\/wp-json\/wp\/v2\/types\/page"}],"author":[{"embeddable":true,"href":"https:\/\/balvanyosresort.ro\/ro\/wp-json\/wp\/v2\/users\/1"}],"replies":[{"embeddable":true,"href":"https:\/\/balvanyosresort.ro\/ro\/wp-json\/wp\/v2\/comments?post=1550"}],"version-history":[{"count":0,"href":"https:\/\/balvanyosresort.ro\/ro\/wp-json\/wp\/v2\/pages\/1550\/revisions"}],"up":[{"embeddable":true,"href":"https:\/\/balvanyosresort.ro\/ro\/wp-json\/wp\/v2\/pages\/1525"}],"wp:attachment":[{"href":"https:\/\/balvanyosresort.ro\/ro\/wp-json\/wp\/v2\/media?parent=1550"}],"curies":[{"name":"wp","href":"https:\/\/api.w.org\/{rel}","templated":true}]}}