{"id":15,"date":"2015-10-14T08:22:29","date_gmt":"2015-10-14T08:22:29","guid":{"rendered":"http:\/\/balvanyos.local\/?page_id=15"},"modified":"2026-03-12T10:02:21","modified_gmt":"2026-03-12T08:02:21","slug":"acasa","status":"publish","type":"page","link":"https:\/\/balvanyosresort.ro\/ro\/","title":{"rendered":"Acasa"},"content":{"rendered":"<div class=\"wpb-content-wrapper\"><p>[vc_row css=&#8221;.vc_custom_1447684858143{margin-top: 20px !important;margin-bottom: 25px !important;}&#8221;][vc_column]<article class='booklet booklet-wide booklet-left'><div class=\"booklet-image\"><a href=\"\/ro\/hotel\/\"><img decoding=\"async\" src=\"https:\/\/balvanyosresort.ro\/wp-content\/uploads\/2024\/02\/IMG_8528-1024x576.jpg\" \/><\/a><\/div><div class=\"booklet-text\"><h3>Balvanyos Resort<\/h3><p>Balvanyos Resort este o oaz\u0103 de lini\u015fte cu aer curat, \u00eenconjurat de mun\u0163ii \u015fi p\u0103durile din jurul Lacului Sf. Ana, situat pe DN 11C \u00eentre B\u0103ile Tu\u015fnad \u015fi T\u00e2rgu Secuiesc. Resortul v\u0103 ofer\u0103 condi\u0163ii ideale pentru un sejur de neuitat. Rafinamentul decorului, calitatea dot\u0103rilor \u015fi amabilitatea personalului v\u0103 vor face s\u0103 tr\u0103i\u0163i momente unice.<\/p><ul class='menu-vertical booklet-menu'>\n<li><a href=\"https:\/\/balvanyosresort.ro\/ro\/hotel\/\">Camere<\/a><\/li>\n<\/ul>\n<\/div><\/article>[\/vc_column][\/vc_row][vc_row][vc_column]<article class='booklet booklet-wide booklet-right'><div class=\"booklet-image\"><a href=\"\/ro\/hotel\/\"><img decoding=\"async\" src=\"https:\/\/balvanyosresort.ro\/wp-content\/uploads\/2022\/08\/IMG_5341-1024x576.jpg\" \/><\/a><\/div><div class=\"booklet-text\"><h3>Grand Hotel Balvanyos<\/h3><p>Grand Hotel Balvanyos amplasat \u00eentr-un cadru natural privilegiat, \u00eenconjurat de priveli\u015ftea unic\u0103 a mun\u0163ilor Bodoc, poate fi gazda Dvs. \u00een orice anotimp. Prim\u0103vara v\u0103 pute\u0163i declara sentimentele de dragoste \u00een mirajul razelor de soare care deschid mugurii copacilor, vara pute\u0163i petrece vacan\u0163e cu familia f\u0103c\u00e2nd excursii la Lacul Sf. Ana \u015fi \u00een \u00eemprejurimi, iar toamna pute\u0163i admira mantia ar\u0103mie a p\u0103durii sub un soare bl\u00e2nd, iar \u00een timpul iernii v\u0103 pute\u0163i bucura de o atmosfera de s\u0103rb\u0103tori cu aroma vinului fiert, zgomotul pl\u0103cut al focului din \u0219emineu \u0219i un peisaj de basm.<\/p><p>Situat \u00een inima p\u0103durii, Grand Hotel Balvanyos constituie loca\u021bia perfect\u0103 pentru recreere, dar \u0219i pentru organizarea evenimentelor, conferin\u021belor.<\/p>\n<ul class='menu-vertical booklet-menu'>\n<li><a href=\"https:\/\/balvanyosresort.ro\/ro\/hotel\/\">Descriere<\/a><\/li>\n<\/ul>\n<\/div><\/article>[\/vc_column][\/vc_row][vc_row][vc_column]<article class='booklet booklet-wide booklet-left'><div class=\"booklet-image\"><a href=\"\/ro\/spa\/\"><img decoding=\"async\" src=\"https:\/\/balvanyosresort.ro\/wp-content\/uploads\/2017\/01\/DS2_4545-1024x576.jpg\" \/><\/a><\/div><div class=\"booklet-text\"><h3>Grand Santerra Spa<\/h3><p><b>\u00ceN TRANSILVANIA, \u00ceN MIJLOCUL UNEI REZERVA\u021aII NATURALE<\/b> printre izvoare t\u0103m\u0103duitoare \u0219i brazi seculari, GRAND SANTERRA SPA este o oaz\u0103 de lini\u0219te \u0219i de recreere care potenteaz\u0103 farmecul acestui loc binecuv\u00e2ntat, oferind spa\u021bii interioare \u0219i exterioare ce se impletesc firesc \u0219i f\u0103r\u0103 efort. C\u0103zi pentru baie \u00eenc\u0103lzite ascunse printre conifere, bazine cu ape \u0219i \u00eenc\u0103peri pentru experien\u021be spa individuale, saune \u0219i multe locuri de relaxare, o \u00eembinare de piatr\u0103 \u0219i lemn, plante, ap\u0103 \u0219i foc, creeaz\u0103 \u00eempreun\u0103 un mediu seren \u0219i armonios.<\/p><ul class='menu-vertical booklet-menu'>\n<li><a href=\"https:\/\/balvanyosresort.ro\/ro\/spa\/\">Mai mult &#8230;<\/a><\/li>\n<\/ul>\n<\/div><\/article>[\/vc_column][\/vc_row][vc_row css=&#8221;.vc_custom_1446814456333{margin-bottom: 35px !important;}&#8221;][vc_column]<article class='booklet booklet-wide booklet-right'><div class=\"booklet-image\"><a href=\"\/ro\/parc-aventura\/\"><img decoding=\"async\" src=\"https:\/\/balvanyosresort.ro\/wp-content\/uploads\/2023\/11\/DSC_1381-1024x576.jpg\" \/><\/a><\/div><div class=\"booklet-text\"><h3>Balvanyos Adventure Park<\/h3><p>Parcul de Aventuri te a\u015fteapt\u0103 s\u0103-\u0163i testezi limitele, sub atenta \u00eendrumare a instructorilor no\u015ftri, alpini\u015fti. Traseele au grad diferit de dificultate astfel \u00eenc\u00e2t, at\u00e2t adul\u0163ii, c\u00e2t \u015fi copiii se pot bucura \u00een siguran\u0163\u0103 de tiroliene sau de diferitele obstacole.<\/p>\n<p>Un traseu mai special este cel de teambuilding, pentru grupuri. Acest traseu contribuie la formarea \u0219i \u00eent\u0103rirea spiritului de echip\u0103 prin faptul c\u0103 membrii grupului se ajut\u0103 reciproc \u00een parcurgerea obstacolelor.<\/p>\n<p>Trasee: \u00eencep\u0103tori copii (galben), copii (portocaliu), \u00eencep\u0103tori adul\u0163i (verde), avansa\u0163i (albastru), profesioni\u015fti (ro\u015fu), traseu pentru teambuilding, traseu de tiroliene.<\/p><ul class='menu-vertical booklet-menu'>\n<li><a href=\"https:\/\/balvanyosresort.ro\/ro\/parc-aventura\/\">Descriere<\/a><\/li>\n<\/ul>\n<\/div><\/article>[\/vc_column][\/vc_row][vc_row css=&#8221;.vc_custom_1446814466188{margin-bottom: 35px !important;}&#8221;][vc_column][\/vc_column][\/vc_row][vc_row][vc_column][\/vc_column][\/vc_row]<\/p>\n<\/div>","protected":false},"excerpt":{"rendered":"<p>[vc_row css=&#8221;.vc_custom_1447684858143{margin-top: 20px !important;margin-bottom: 25px !important;}&#8221;][vc_column][\/vc_column][\/vc_row][vc_row][vc_column][\/vc_column][\/vc_row][vc_row][vc_column][\/vc_column][\/vc_row][vc_row css=&#8221;.vc_custom_1446814456333{margin-bottom: 35px !important;}&#8221;][vc_column][\/vc_column][\/vc_row][vc_row css=&#8221;.vc_custom_1446814466188{margin-bottom: 35px !important;}&#8221;][vc_column][\/vc_column][\/vc_row][vc_row][vc_column][\/vc_column][\/vc_row]<\/p>\n","protected":false},"author":8,"featured_media":14930,"parent":0,"menu_order":0,"comment_status":"closed","ping_status":"closed","template":"","meta":{"_acf_changed":false,"_exactmetrics_skip_tracking":false,"_exactmetrics_sitenote_active":false,"_exactmetrics_sitenote_note":"","_exactmetrics_sitenote_category":0,"footnotes":""},"class_list":["post-15","page","type-page","status-publish","has-post-thumbnail","hentry"],"acf":[],"_links":{"self":[{"href":"https:\/\/balvanyosresort.ro\/ro\/wp-json\/wp\/v2\/pages\/15","targetHints":{"allow":["GET"]}}],"collection":[{"href":"https:\/\/balvanyosresort.ro\/ro\/wp-json\/wp\/v2\/pages"}],"about":[{"href":"https:\/\/balvanyosresort.ro\/ro\/wp-json\/wp\/v2\/types\/page"}],"author":[{"embeddable":true,"href":"https:\/\/balvanyosresort.ro\/ro\/wp-json\/wp\/v2\/users\/8"}],"replies":[{"embeddable":true,"href":"https:\/\/balvanyosresort.ro\/ro\/wp-json\/wp\/v2\/comments?post=15"}],"version-history":[{"count":0,"href":"https:\/\/balvanyosresort.ro\/ro\/wp-json\/wp\/v2\/pages\/15\/revisions"}],"wp:featuredmedia":[{"embeddable":true,"href":"https:\/\/balvanyosresort.ro\/ro\/wp-json\/wp\/v2\/media\/14930"}],"wp:attachment":[{"href":"https:\/\/balvanyosresort.ro\/ro\/wp-json\/wp\/v2\/media?parent=15"}],"curies":[{"name":"wp","href":"https:\/\/api.w.org\/{rel}","templated":true}]}}