{"id":14259,"date":"2024-03-26T17:20:55","date_gmt":"2024-03-26T15:20:55","guid":{"rendered":"https:\/\/balvanyosresort.ro\/?page_id=14259"},"modified":"2025-10-06T17:13:10","modified_gmt":"2025-10-06T15:13:10","slug":"grand-hotel","status":"publish","type":"page","link":"https:\/\/balvanyosresort.ro\/ro\/grand-hotel\/","title":{"rendered":"Grand Hotel"},"content":{"rendered":"<div class=\"wpb-content-wrapper\"><p>[vc_row][vc_column]<section>\n    <div>\n        <h3>Balvanyos Resort<\/h3>\n        <h1><\/h1>\n        <h2 class=\"slogan\"><\/h2>\n\n        <div class=\"grid-themed-row-reversed\">\n            <p class=\"has-text-alt\">\n                Balvanyos Resort este o oaz\u0103 de lini\u015fte cu aer curat, situat \u00een \u021ainutul Vulcanilor, \u00eenconjurat de mun\u0163ii \u015fi p\u0103durile din jurul Lacului Sf. Ana, situat pe DN 11C \u00eentre B\u0103ile Tu\u015fnad \u015fi T\u00e2rgu Secuiesc. Compus din 2 hoteluri de 4* - Grand Hotel Balvanyos \u0219i Peakture Hotel Balvanyos, vile \u0219i c\u0103su\u021be este loca\u021bie ideal\u0103 pentru sejururi de neuitat.<br><br>\nBalvanyos Resort \u00eenconjurat de priveli\u015ftea unic\u0103 a mun\u0163ilor Bodoc, poate fi gazda Dvs. \u00een orice anotimp. Prim\u0103vara v\u0103 invit\u0103m s\u0103 declara\u021bi sentimentele de dragoste \u00een mirajul razelor de soare care deschid mugurii copacilor, vara pute\u0163i petrece vacan\u0163e cu familia f\u0103c\u00e2nd excursii la Lacul Sf. Ana, Tinovul Moho\u0219 \u015fi \u00een \u00eemprejurimi, iar toamna pute\u0163i admira mantia ar\u0103mie a p\u0103durii sub un soare bl\u00e2nd, iar \u00een timpul iernii v\u0103 pute\u0163i bucura de o atmosfera de s\u0103rb\u0103tori cu aroma vinului fiert, zgomotul pl\u0103cut al focului din \u0219emineu \u0219i un peisaj de basm.            <\/p>\n\n            <img decoding=\"async\" src=\"https:\/\/balvanyosresort.ro\/wp-content\/uploads\/2024\/07\/DJI_0562-HDR-1500x864.jpg\" alt=\"Balvanyos Resort\"\n                 class=\"image-portrait image-has-full-width image-has-overflow-right\">\n        <\/div>\n\n        <div class=\"grid-themed-two-column\">\n            <p class=\"has-text-alt\">\n                Resortul este o adev\u0103rat\u0103 destina\u021bie gourmet \u0219i un loc ideal pentru diverse evenimente. Cele patru restaurante diferite ofer\u0103 oaspe\u021bilor no\u0219tri experien\u021be culinare unice \u0219i ofer\u0103 o loca\u021bie perfect\u0103 at\u00e2t pentru evenimente de familie, c\u00e2t \u0219i pentru afaceri. Restaurantul nostru GastroLab Restaurant&Terrace ofer\u0103 m\u00e2nc\u0103ruri tradi\u021bionale reinterpretate, restaurantul Forest din Grand Hotel ofer\u0103 preparate din buc\u0103t\u0103ria interna\u021bional\u0103, restaurantul Fork promite specialit\u0103\u021bi fine dining \u0219i o selec\u021bie de vinuri premiate din toat\u0103 lumea. \u00cen hotelul Peakture se afl\u0103 restaurantul Bundaberry cu pizza napoletana original\u0103. Sala de evenimente Grund este potrivit\u0103 pentru organizarea de evenimente pentru 140-200 de persoane.            <\/p>\n\n            <img decoding=\"async\" src=\"https:\/\/balvanyosresort.ro\/wp-content\/uploads\/2024\/04\/0053DS2_0157-1024x683.jpg\" alt=\"Balvanyos Resort\"\n                 class=\"image-square image-has-full-width image-has-overflow-left\">\n\n            <p class=\"has-text-alt\">\n                            <\/p>\n\n            <a href=\"https:\/\/balvanyosresort.ro\/ro\/peakture-rooms\/\" class=\"button button-secondary\">Detalii<\/a>\n        <\/div>\n    <\/div>\n<\/section>\n[\/vc_column][\/vc_row][vc_row][vc_column]<section>\n    <div class=\"container grid-themed-column-overflow\">\n        <div class=\"container-gray-light\">\n            <h3>Grand santerra Spa<\/h3>            <h1><\/h1>\n            <h2 class=\"slogan\"><\/h2>\n\n            <img decoding=\"async\" src=\"https:\/\/balvanyosresort.ro\/wp-content\/uploads\/2024\/04\/Balvanyos_SPA_misa_2048px_DSC06628-1500x864.jpg\" alt=\"Grand santerra Spa\"\n                 class=\"image-portrait image-has-full-width image-hidden-phone\">\n\n            <p class=\"has-text-alt\">\n                Printre izvoare t\u0103m\u0103duitoare \u0219i brazi seculari, Grand Santerra Spa este o oaz\u0103 de lini\u0219te \u0219i de recreere care potenteaz\u0103 farmecul acestui loc binecuv\u00e2ntat, oferind spa\u021bii interioare \u0219i exterioare ce se impletesc firesc \u0219i f\u0103r\u0103 efort. Piscine \u00eenc\u0103lzite ascunse printre conifere, pentru experien\u021be spa individuale, saune \u0219i multe locuri de relaxare, o \u00eembinare de piatr\u0103 \u0219i lemn, plante, ap\u0103 \u0219i foc, creeaz\u0103 \u00eempreun\u0103 un mediu seren \u0219i armonios.            <\/p>\n\n                        <a href=\"\/ro\/spa\/\" class=\"button button-secondary\">Mai mult<\/a>\n                    <\/div>\n\n        <img decoding=\"async\" src=\"https:\/\/balvanyosresort.ro\/wp-content\/uploads\/2024\/04\/Balvanyos_SPA_misa_2048px_DSC06628-1500x864.jpg\" alt=\"Grand santerra Spa\"\n             class=\"image-portrait image-has-full-width image-visible-phone\">\n    <\/div>\n<\/section>\n[\/vc_column][\/vc_row][vc_row][vc_column]<section>\n    <div class=\"container grid-themed-column-overflow\">\n        <div class=\"container-gray-light\">\n            <h3>Adventure Park &amp; Activit\u0103\u021bi<\/h3>            <h1><\/h1>\n            <h2 class=\"slogan\"><\/h2>\n\n            <img decoding=\"async\" src=\"https:\/\/balvanyosresort.ro\/wp-content\/uploads\/2024\/04\/DSC_1513-1500x864.jpg\" alt=\"Adventure Park &amp; Activit\u0103\u021bi\"\n                 class=\"image-portrait image-has-full-width image-hidden-phone\">\n\n            <p class=\"has-text-alt\">\n                Te a\u0219tept\u0103m cu numeroase activit\u0103\u021bi at\u00e2t \u00een interior c\u00e2t \u0219i \u00een aer liber. \u00ce\u021bi po\u021bi testa limitele la Parcul de aventur\u0103, unde avem diferite trasee de c\u0103\u021b\u0103rare, obstacole pe copaci, \u0219i tiroliene. Sub supravegherea profesional\u0103 a colegilor no\u0219tri, traseele noastre pot fi folosite \u00een siguran\u021b\u0103 pentru toate grupele de v\u00e2rst\u0103.<br \/>\nPe l\u00e2ng\u0103 parcul nostru de aventur\u0103, v\u0103 recomand\u0103m peretele de c\u0103\u021b\u0103rare, tir cu arcul, terenul nostru de sport multifunc\u021bional, tururi organizate pe jos, tururi off-road, excursii cu biciclete electrice \u0219i ma\u0219ini electrice.            <\/p>\n\n                        <a href=\"https:\/\/balvanyosresort.ro\/ro\/activitati\/\" class=\"button button-secondary\">Detalii<\/a>\n                    <\/div>\n\n        <img decoding=\"async\" src=\"https:\/\/balvanyosresort.ro\/wp-content\/uploads\/2024\/04\/DSC_1513-1500x864.jpg\" alt=\"Adventure Park &amp; Activit\u0103\u021bi\"\n             class=\"image-portrait image-has-full-width image-visible-phone\">\n    <\/div>\n<\/section>\n[\/vc_column][\/vc_row]<\/p>\n<\/div>","protected":false},"excerpt":{"rendered":"<p>[vc_row][vc_column][\/vc_column][\/vc_row][vc_row][vc_column][\/vc_column][\/vc_row][vc_row][vc_column][\/vc_column][\/vc_row]<\/p>\n","protected":false},"author":1,"featured_media":0,"parent":0,"menu_order":0,"comment_status":"closed","ping_status":"closed","template":"template-grand-hotel.php","meta":{"_acf_changed":false,"_exactmetrics_skip_tracking":false,"_exactmetrics_sitenote_active":false,"_exactmetrics_sitenote_note":"","_exactmetrics_sitenote_category":0,"footnotes":""},"class_list":["post-14259","page","type-page","status-publish","hentry"],"acf":[],"_links":{"self":[{"href":"https:\/\/balvanyosresort.ro\/ro\/wp-json\/wp\/v2\/pages\/14259","targetHints":{"allow":["GET"]}}],"collection":[{"href":"https:\/\/balvanyosresort.ro\/ro\/wp-json\/wp\/v2\/pages"}],"about":[{"href":"https:\/\/balvanyosresort.ro\/ro\/wp-json\/wp\/v2\/types\/page"}],"author":[{"embeddable":true,"href":"https:\/\/balvanyosresort.ro\/ro\/wp-json\/wp\/v2\/users\/1"}],"replies":[{"embeddable":true,"href":"https:\/\/balvanyosresort.ro\/ro\/wp-json\/wp\/v2\/comments?post=14259"}],"version-history":[{"count":0,"href":"https:\/\/balvanyosresort.ro\/ro\/wp-json\/wp\/v2\/pages\/14259\/revisions"}],"wp:attachment":[{"href":"https:\/\/balvanyosresort.ro\/ro\/wp-json\/wp\/v2\/media?parent=14259"}],"curies":[{"name":"wp","href":"https:\/\/api.w.org\/{rel}","templated":true}]}}