{"id":9439,"date":"2021-03-16T11:30:42","date_gmt":"2021-03-16T09:30:42","guid":{"rendered":"http:\/\/balvanyos.local\/?page_id=9439"},"modified":"2025-11-11T15:38:25","modified_gmt":"2025-11-11T13:38:25","slug":"karrier","status":"publish","type":"page","link":"https:\/\/balvanyosresort.ro\/hu\/karrier\/","title":{"rendered":"Karrier"},"content":{"rendered":"<div class=\"wpb-content-wrapper\"><p>[vc_row][vc_column][vc_column_text]<\/p>\n<h4 style=\"text-align: center;\">Amennyiben turisztikai szakk\u00e9pes\u00edt\u00e9se van \u00e9s \u00e9rdekli valamely \u00e1ll\u00e1s a Balvanyos Resort -ban, megk\u00e9rj\u00fck k\u00fcldj\u00f6n egy szakmai \u00f6n\u00e9letrajzot a <a href=\"mailto:hr@balvanyosresort.ro\" target=\"_blank\" rel=\"noopener\">hr<span lang=\"EN-US\">@balvanyosresort.ro<\/span><\/a> <span lang=\"HU\">e-mailc\u00edmre, vagy h\u00edvjon telefonon a <\/span>+40 786 513 807 telefonsz\u00e1mon.<\/h4>\n<p>[\/vc_column_text][\/vc_column][\/vc_row][vc_row][vc_column]<article class='booklet booklet-wide booklet-left'><div class=\"booklet-image\"><img decoding=\"async\" src=\"https:\/\/balvanyosresort.ro\/wp-content\/uploads\/2022\/09\/balvanyos_183-1024x576.jpg\" \/><\/div><div class=\"booklet-text\"><h3>Kinetoterapeuta\/Massz\u0151r<\/h3><p><\/p><p><strong>Szakmai felt\u00e9telek: <\/strong>szakk\u00e9pes\u00edt\u00e9s, massz\u00e1zst\u00edpusok ismerete<\/p>\n<p><strong>Szem\u00e9lyes k\u00e9pess\u00e9gek: <\/strong>k\u00edv\u00e1l\u00f3 kommunik\u00e1ci\u00f3s k\u00e9szs\u00e9g, vend\u00e9gk\u00f6zpont\u00fa hozz\u00e1\u00e1ll\u00e1s, ig\u00e9nyes \u00e9s \u00e1polt megjelen\u00e9s<\/p>\n<p><strong>Feladatk\u00f6r: <\/strong>ter\u00e1pi\u00e1s \u00e9s pihentet\u0151 massz\u00e1zsok,\u00a0 testkezel\u00e9sek v\u00e9gz\u00e9se, reflexoter\u00e1pia v\u00e9gz\u00e9se<\/p>\n<p><strong>Amit k\u00edn\u00e1lunk: <\/strong>hat\u00e1rozatlan idej\u0171 munkaszerz\u0151d\u00e9s, versenyk\u00e9pes juttat\u00e1si csomag<\/p>\n<\/div><\/article>[\/vc_column][\/vc_row][vc_row][vc_column][\/vc_column][\/vc_row][vc_row][vc_column]<article class='booklet booklet-wide booklet-right'><div class=\"booklet-image\"><img decoding=\"async\" src=\"https:\/\/balvanyosresort.ro\/wp-content\/uploads\/2020\/05\/DSC_4114-Edit-1024x576.jpg\" \/><\/div><div class=\"booklet-text\"><h3>PINC\u00c9R<\/h3><p><\/p><p><strong>Szakmai felt\u00e9telek: <\/strong>felszolg\u00e1l\u00e1si szab\u00e1lyok \u00e9s m\u00f3dok ismerete, hasonl\u00f3 munkak\u00f6rben szerzett legkevesebb 2 \u00e9ves tapasztalat, rom\u00e1n nyelv magabiztos ismerete, idegennyelv-tud\u00e1s el\u0151nyt jelent, szakk\u00e9pes\u00edt\u00e9s (el\u0151nyt jelent)<\/p>\n<p><strong>Szem\u00e9lyes k\u00e9pess\u00e9gek: <\/strong>k\u00edv\u00e1l\u00f3 kommunik\u00e1ci\u00f3s k\u00e9szs\u00e9g, disztribut\u00edv figyelem, felel\u0151ss\u00e9gtudat, alkalmazkod\u00f3k\u00e9pess\u00e9g, ig\u00e9nyes \u00e9s \u00e1polt megjelen\u00e9s, vend\u00e9gk\u00f6zpont\u00fa hozz\u00e1\u00e1ll\u00e1s, csapatszellem<\/p>\n<p><strong>Feladatk\u00f6r: <\/strong>vend\u00e9gt\u00e9r el\u0151k\u00e9sz\u00edt\u00e9se, vend\u00e9gek t\u00e1j\u00e9koztat\u00e1sa a k\u00edn\u00e1lt szolg\u00e1ltat\u00e1sokkal kapcsolatban, rendel\u00e9sek felv\u00e9tele \u00e9s tov\u00e1bb\u00edt\u00e1sa, \u00e9telek \u00e9s italok szakszer\u0171 felszolg\u00e1l\u00e1sa, fogyaszt\u00e1s ellen\u00e9rt\u00e9k\u00e9nek \u00e1tv\u00e9tele<\/p>\n<p><strong>Amit k\u00edn\u00e1lunk: <\/strong>hat\u00e1rozatlan idej\u0171 munkaszerz\u0151d\u00e9s, versenyk\u00e9pes juttat\u00e1si csomag<\/p>\n<\/div><\/article>[\/vc_column][\/vc_row][vc_row][vc_column][\/vc_column][\/vc_row]<\/p>\n<\/div>","protected":false},"excerpt":{"rendered":"<p>[vc_row][vc_column][vc_column_text] Amennyiben turisztikai szakk\u00e9pes\u00edt\u00e9se van \u00e9s \u00e9rdekli valamely \u00e1ll\u00e1s a Balvanyos Resort -ban, megk\u00e9rj\u00fck k\u00fcldj\u00f6n egy szakmai \u00f6n\u00e9letrajzot a hr@balvanyosresort.ro e-mailc\u00edmre, vagy h\u00edvjon telefonon a +40 786 513 807 telefonsz\u00e1mon. [\/vc_column_text][\/vc_column][\/vc_row][vc_row][vc_column][\/vc_column][\/vc_row][vc_row][vc_column][\/vc_column][\/vc_row][vc_row][vc_column][\/vc_column][\/vc_row][vc_row][vc_column][\/vc_column][\/vc_row]<\/p>\n","protected":false},"author":3,"featured_media":14509,"parent":0,"menu_order":0,"comment_status":"closed","ping_status":"closed","template":"","meta":{"_acf_changed":false,"_exactmetrics_skip_tracking":false,"_exactmetrics_sitenote_active":false,"_exactmetrics_sitenote_note":"","_exactmetrics_sitenote_category":0,"footnotes":""},"class_list":["post-9439","page","type-page","status-publish","has-post-thumbnail","hentry"],"acf":[],"_links":{"self":[{"href":"https:\/\/balvanyosresort.ro\/hu\/wp-json\/wp\/v2\/pages\/9439","targetHints":{"allow":["GET"]}}],"collection":[{"href":"https:\/\/balvanyosresort.ro\/hu\/wp-json\/wp\/v2\/pages"}],"about":[{"href":"https:\/\/balvanyosresort.ro\/hu\/wp-json\/wp\/v2\/types\/page"}],"author":[{"embeddable":true,"href":"https:\/\/balvanyosresort.ro\/hu\/wp-json\/wp\/v2\/users\/3"}],"replies":[{"embeddable":true,"href":"https:\/\/balvanyosresort.ro\/hu\/wp-json\/wp\/v2\/comments?post=9439"}],"version-history":[{"count":0,"href":"https:\/\/balvanyosresort.ro\/hu\/wp-json\/wp\/v2\/pages\/9439\/revisions"}],"wp:featuredmedia":[{"embeddable":true,"href":"https:\/\/balvanyosresort.ro\/hu\/wp-json\/wp\/v2\/media\/14509"}],"wp:attachment":[{"href":"https:\/\/balvanyosresort.ro\/hu\/wp-json\/wp\/v2\/media?parent=9439"}],"curies":[{"name":"wp","href":"https:\/\/api.w.org\/{rel}","templated":true}]}}