{"id":787,"date":"2015-11-09T10:22:38","date_gmt":"2015-11-09T10:22:38","guid":{"rendered":"http:\/\/balvanyos.local\/hu\/?page_id=787"},"modified":"2024-04-18T13:41:06","modified_gmt":"2024-04-18T11:41:06","slug":"turisztikai-latvanyossagok","status":"publish","type":"page","link":"https:\/\/balvanyosresort.ro\/hu\/turisztikai-latvanyossagok\/","title":{"rendered":"Turisztikai l\u00e1tv\u00e1nyoss\u00e1gok"},"content":{"rendered":"<div class=\"wpb-content-wrapper\"><p>[vc_row el_id=&#8221;lacul-sfanta-ana&#8221;][vc_column]<article class='booklet booklet-wide booklet-left'><div class=\"booklet-image\"><img decoding=\"async\" src=\"https:\/\/balvanyosresort.ro\/wp-content\/uploads\/2022\/11\/19934953_1255395_76e2625b6ae12bb2e655e04b461789a3_wm-1024x576.jpg\" \/><\/div><div class=\"booklet-text\"><h3>Szent Anna-t\u00f3<\/h3><p>A Szent Anna-t\u00f3 a Csom\u00e1d hegys\u00e9gben (950 m), Kov\u00e1szna \u00e9s Hargita megy\u00e9k hat\u00e1r\u00e1n helyezkedik el, ahov\u00e1 egy csod\u00e1latos kanyarg\u00f3s \u00faton lehet eljutni, mik\u00f6zben csod\u00e1lhatjuk a gy\u00f6ny\u00f6r\u0171 t\u00e1jat. Egyetlen \u00e9ps\u00e9gben maradt kr\u00e1ter\u0171 vulkanikus eredet\u0171 t\u00f3 Europ\u00e1ban, \u00e9vsz\u00e1zados erd\u0151kkel k\u00f6r\u00fclv\u00e9ve.<br \/>\nA t\u00f3 ker\u00fclete 1,7 km \u00e9s m\u00e9lys\u00e9ge 7 m.<br \/>\nS\u00f6t\u00e9tz\u00f6ld sz\u00edne visszat\u00fckr\u00f6zi a tavat k\u00f6r\u00fcl\u00f6lel\u0151 erd\u0151 sz\u00edn\u00e9t. K\u00f6r\u00fcls\u00e9t\u00e1lva a magasztos csend a t\u00f6k\u00e9letess\u00e9g \u00e9rz\u00e9s\u00e9t kelti.<br \/>\nA t\u00f3 legend\u00e1j\u00e1nak rejt\u00e9jeit a B\u00e1lv\u00e1nyos Resort kandoll\u00f3ja el\u0151tt \u00e9rdemes majd megfejteni.<\/p><\/div><\/article>[\/vc_column][\/vc_row][vc_row el_id=&#8221;tinovul-mohos&#8221;][vc_column]<article class='booklet booklet-wide booklet-right'><div class=\"booklet-image\"><img decoding=\"async\" src=\"https:\/\/balvanyosresort.ro\/wp-content\/uploads\/2015\/11\/10603369_856928510986296_9104896643073786838_n-960x576.jpg\" \/><\/div><div class=\"booklet-text\"><h3>Mohos t\u0151zegl\u00e1p<\/h3><p>A Mohos - t\u0151zegl\u00e1p a Szent Anna-t\u00f3 vulkanikus ikerkr\u00e1tere.<br \/>\nA Szent Anna-t\u00f3 utols\u00f3 kit\u00f6r\u00e9sekor a vulkanikus hamu a m\u00e1r megl\u00e9v\u0151 t\u00f3 vizt\u00fckr\u00e9t elbor\u00edtotta. A hamu egy r\u00e9sze a t\u00f3fen\u00e9kre s\u00fclyedt \u00e9s a v\u00edzt\u00fckr\u00f6n megmaradt hamur\u00e9tegen megtelepedett a t\u0151zegmoha.<br \/>\n\u00cdgy alakult ki egy egyedi oligotrofikus t\u0151zegl\u00e1p, amely a szib\u00e9riai tundr\u00e1hoz hasonl\u00f3 n\u00f6v\u00e9nyzettel rendelkezik.<br \/>\nHa betekintenek a Mohos-t\u00f6zegl\u00e1p egyedi \u00e9s fantasztikus vil\u00e1g\u00e1ba, az itt tal\u00e1lhat\u00f3 n\u00f6v\u00e9nyi ritkas\u00e1gokt\u00f3l \u00e9s a term\u00e9szeti sz\u00e9ps\u00e9gekt\u0151l el lesznek var\u00e1zsolva.<\/p><\/div><\/article>[\/vc_column][\/vc_row][vc_row el_id=&#8221;pestera-sulfuroasa&#8221;][vc_column]<article class='booklet booklet-wide booklet-left'><div class=\"booklet-image\"><img decoding=\"async\" src=\"https:\/\/balvanyosresort.ro\/wp-content\/uploads\/2022\/11\/25333131-1024x576.jpg\" \/><\/div><div class=\"booklet-text\"><h3>Torjai b\u00fcd\u00f6sbarlang<\/h3><p>A Torjai b\u00fcd\u00f6sbarlang Eur\u00f3pa legnagyobb term\u00e9szetes mofett\u00e1ja, ami naponta kb. 3000 k\u00f6bm\u00e9ter k\u00e9nhidrog\u00e9nt bocs\u00e1jt ki a leveg\u0151be. Az \u00fat\u00f3vulkanikus g\u00e1zkig\u0151z\u00f6lg\u00e9sek bizony\u00edtottan term\u00e9szetes gy\u00f3gykezel\u00e9si m\u00f3dszerek a sz\u00edv \u00e9s \u00e9rrendszeri betegs\u00e9gben szenved\u0151knek, mivel a term\u00e9szetes sz\u00e9ndioxid g\u00e1zak gyors\u00edtj\u00e1k a perif\u00e9rikus v\u00e9rkering\u00e9st.<\/p><\/div><\/article>[\/vc_column][\/vc_row][vc_row el_id=&#8221;cetatea-balvanyos&#8221;][vc_column]<article class='booklet booklet-wide booklet-right'><div class=\"booklet-image\"><img decoding=\"async\" src=\"https:\/\/balvanyosresort.ro\/wp-content\/uploads\/2022\/11\/BAL_3130-1024x681-1-1024x576.jpg\" \/><\/div><div class=\"booklet-text\"><h3>A B\u00e1lv\u00e1nyosv\u00e1r romjai<\/h3><p>A B\u00e1lv\u00e1nyosv\u00e1r B\u00e1lv\u00e1nyosf\u00fcrd\u0151 f\u00f6l\u00e9 emelked\u0151 1029 m magas hegytet\u0151n helyezkedik el.<br \/>\nK\u00fcl\u00f6n\u00f6sen aj\u00e1nlott a t\u00f6rt\u00e9nelmet tisztel\u0151 \u00e9s pomp\u00e1s pamor\u00e1m\u00e1t kedvel\u0151 vend\u00e9geknek.<br \/>\nA v\u00e1r \u00e9p\u00edt\u00e9se az 1100-as \u00e9vekre ny\u00falik vissza, f\u0151 szerepe az ellens\u00e9g megfigyel\u00e9se \u00e9s a vesz\u00e9ly jelz\u00e9se volt a k\u00f6rny\u00e9k lak\u00f3i sz\u00e1m\u00e1ra. A 17. sz\u00e1zad v\u00e9g\u00e9ig lakott volt, a legend\u00e1k szerint ez volt a pog\u00e1nyok utols\u00f3 mened\u00e9ke.<br \/>\nAz er\u0151d dombj\u00e1r\u00f3l gy\u00f6ny\u00f6r\u0171 panor\u00e1ma t\u00e1rul el\u00e9nk.<\/p><\/div><\/article>[\/vc_column][\/vc_row][vc_row el_id=&#8221;statiunea-balvanyos&#8221;][vc_column]<article class='booklet booklet-wide booklet-left'><div class=\"booklet-image\"><img decoding=\"async\" src=\"https:\/\/balvanyosresort.ro\/wp-content\/uploads\/2022\/12\/balvanyosvar-balvanyosfurdo-resize22156D31-39E5-F58C-B8B7-9BDCFF625EBC-800x576.jpg\" \/><\/div><div class=\"booklet-text\"><h3>B\u00e1lv\u00e1nyosf\u00fcrd\u0151<\/h3><p><\/p><p>Magashegyi f\u00fcrd\u0151- \u00e9s \u00fcd\u00fcl\u0151hely\u00a0 kialakul\u00e1sa az itt talalhat\u00f3 \u00fat\u00f3vulk\u00e1ni m\u00fck\u00f6d\u00e9seknek k\u00f6sz\u00f6nhet\u0151.<\/p>\n<p>Az \u00e1sv\u00e1nyvizek k\u00e9miai \u00f6sszet\u00e9tel\u00fcknek k\u00f6sz\u00f6nhet\u0151en k\u00fcl\u00f6n\u00f6sen alkalmasak \u00edv\u00f3k\u00far\u00e1ra, gyomor \u00e9s b\u00e9lbetegs\u00e9gek kezel\u00e9s\u00e9re, illetve a sz\u00e1raz g\u00e1zkig\u0151z\u00f6lg\u00e9sek, az \u00fagynevezett moffet\u00e1k, term\u00e9szetes gy\u00f3gym\u00f3dot biztos\u00edtanak a mozg\u00e1sszervi, sz\u00edv \u00e9s \u00e9rrendszeri betegs\u00e9gekre.<\/p>\n<\/div><\/article>[\/vc_column][\/vc_row][vc_row el_id=&#8221;tinovul-buffogo&#8221;][vc_column]<article class='booklet booklet-wide booklet-right'><div class=\"booklet-image\"><img decoding=\"async\" src=\"https:\/\/balvanyosresort.ro\/wp-content\/uploads\/2022\/11\/buffogo-1-1024x576.jpg\" \/><\/div><div class=\"booklet-text\"><h3>B\u00faffog\u00f3 T\u0151zegl\u00e1p<\/h3><p><\/p><p>A Buffog\u00f3 l\u00e1pja kis ter\u00fclet\u0171, b\u00fckk\u00f6s\u00f6kkel k\u00f6rbez\u00e1rt, t\u0151zeges, borv\u00edzes ing\u00f3l\u00e1p. Nev\u00e9t a v\u00edzb\u0151l felt\u00f6r\u0151, bugyog\u00f3 (&#8222;buffog\u00f3&#8221;) g\u00e1zbubor\u00e9koknak k\u00f6sz\u00f6nheti.<\/p>\n<p>A Buffog\u00f3 sem kiv\u00e9tel, az eg\u00e9sz B\u00fcd\u00f6s-hegyet jellemz\u0151 g\u00e1zki\u00e1raml\u00e1sok itt is megmutatkoznak: ezek itt a t\u0151zegl\u00e1p mohatest\u00e9t j\u00e1rj\u00e1k \u00e1t, melynek a m\u00e9lyed\u00e9seiben felgy\u00fcl\u0151 v\u00edzben buffog\u00f3 hangot hallatnak.<\/p>\n<\/div><\/article>[\/vc_column][\/vc_row][vc_row el_id=&#8221;pestera-ucigasa&#8221;][vc_column]<article class='booklet booklet-wide booklet-left'><div class=\"booklet-image\"><img decoding=\"async\" src=\"https:\/\/balvanyosresort.ro\/wp-content\/uploads\/2022\/12\/Grota-Ucigasa-20110125134519-1.jpg\" \/><\/div><div class=\"booklet-text\"><h3>Gyilkos barlang<\/h3><p><\/p><p>Hasonl\u00edt a B\u00fcd\u00f6s-barlanghoz csak sokkal vesz\u00e9lyesebb, mivel itt nem jelzi s\u00e1rga k\u00e9nlerak\u00f3d\u00e1s a gyilkos g\u00e1z szintj\u00e9t.<\/p>\n<p>A B\u00fcd\u00f6s-hegy barlangjai k\u00f6z\u00f6tt ez a legnagyobb. A barlangban\u00a0<strong>a g\u00e1z szintje magas<\/strong><strong>\u00a0<\/strong>a bej\u00e1ratn\u00e1l felhalmoz\u00f3dott t\u00f6rmel\u00e9kg\u00e1t miatt.<\/p>\n<\/div><\/article>[\/vc_column][\/vc_row][vc_row el_id=&#8221;cimitirul-pasarilor&#8221;][vc_column]<article class='booklet booklet-wide booklet-right'><div class=\"booklet-image\"><img decoding=\"async\" src=\"https:\/\/balvanyosresort.ro\/wp-content\/uploads\/2022\/12\/87_1280-1024x576.jpg\" \/><\/div><div class=\"booklet-text\"><h3>Mad\u00e1rtemet\u0151<\/h3><p><\/p><p>Ez nem m\u00e1s, mint egy beszakadt k\u00e9nb\u00e1nya-t\u00e1rna m\u00e9lyed\u00e9se, mely sz\u00edn\u00fcltig tele van k\u00e9nes-sz\u00e9ndioxid g\u00e1zzal.<\/p>\n<p>Az alacsonyan rep\u00fcl\u0151 madarak, ha a g\u00e1z szintje al\u00e1 ereszkednek, holtan hullanak al\u00e1, innen ered a mad\u00e1rtemet\u0151 elnevez\u00e9s.<\/p>\n<\/div><\/article>[\/vc_column][\/vc_row][vc_row][vc_column][\/vc_column][\/vc_row][vc_row][vc_column]<article class='booklet booklet-wide booklet-left'><div class=\"booklet-image\"><img decoding=\"async\" src=\"https:\/\/balvanyosresort.ro\/wp-content\/uploads\/2022\/12\/IMG_0440-1024x576-1.jpg\" \/><\/div><div class=\"booklet-text\"><h3>Mikes f\u00fcrd\u0151k<\/h3><p><\/p><p>K\u00fcl\u00f6nb\u00f6z\u0151 \u00e1sv\u00e1nyi anyag tartalm\u00fa sz\u00e9nsavas \u00e1sv\u00e1nyvizes medenc\u00e9k, amelyek m\u00e1r a IX.-ik sz\u00e1zadban mint gy\u00f3gymedenc\u00e9k m\u0171k\u00f6dtek.\u00a0 A f\u00fcrd\u0151helyen h\u00e1rom kism\u00e9ret\u0171, rusztikus st\u00edlusban kialak\u00edtott medenc\u00e9t \u00e9s a k\u00f6rny\u00e9k egyedi hagyom\u00e1nyos moffet\u00e1j\u00e1t tal\u00e1ljuk.<\/p>\n<\/div><\/article>[\/vc_column][\/vc_row][vc_row][vc_column]<article class='booklet booklet-wide booklet-right'><div class=\"booklet-image\"><img decoding=\"async\" src=\"https:\/\/balvanyosresort.ro\/wp-content\/uploads\/2022\/12\/balvanyos_252-1024x576.jpg\" \/><\/div><div class=\"booklet-text\"><h3>Apor l\u00e1nyok fered\u0151je &amp; Gy\u00f3gyforr\u00e1sok<\/h3><p><\/p><p>A f\u00fcrd\u0151hely ter\u00fclet\u00e9n sz\u00e1mos, k\u00fcl\u00f6nb\u00f6z\u0151 \u00f6sszet\u00e9tel\u0171 \u00e1sv\u00e1nyviz forr\u00e1s \u00e9s kisebb- nagyobb \u00e1sv\u00e1nyvizes medence tal\u00e1lhat\u00f3. Az Apor l\u00e1nyok fered\u0151j\u00e9re jellemz\u0151 a talajb\u00f3l ki\u00e1raml\u00f3, bubor\u00e9kol\u00f3 k\u00e9ndioxidos \u00e9s k\u00e9n hidrogenes g\u00e1zok buffog\u00f3 hangja. Hasonl\u00f3 \u00f6sszet\u00e9tel\u0171 \u00e1sv\u00e1nyviz forr\u00e1sok csak Kolumbi\u00e1ban \u00e9s a Java szigeteken talalhat\u00f3k.<\/p>\n<p>A k\u00fcl\u00f6nleges gy\u00f3gyhat\u00e1s\u00fa forr\u00e1sok, l\u00e1b\u00e1ztat\u00f3k\u00a0 a perif\u00e9ri\u00e1s art\u00e9ri\u00e1s betegs\u00e9gek kezel\u00e9s\u00e9re javallottak, az erd\u0151 k\u00f6zep\u00e9n n\u00e9gy kism\u00e9ret\u0171 medenc\u00e9ben.<\/p>\n<\/div><\/article>[\/vc_column][\/vc_row]<\/p>\n<\/div>","protected":false},"excerpt":{"rendered":"<p>[vc_row el_id=&#8221;lacul-sfanta-ana&#8221;][vc_column][\/vc_column][\/vc_row][vc_row el_id=&#8221;tinovul-mohos&#8221;][vc_column][\/vc_column][\/vc_row][vc_row el_id=&#8221;pestera-sulfuroasa&#8221;][vc_column][\/vc_column][\/vc_row][vc_row el_id=&#8221;cetatea-balvanyos&#8221;][vc_column][\/vc_column][\/vc_row][vc_row el_id=&#8221;statiunea-balvanyos&#8221;][vc_column][\/vc_column][\/vc_row][vc_row el_id=&#8221;tinovul-buffogo&#8221;][vc_column][\/vc_column][\/vc_row][vc_row el_id=&#8221;pestera-ucigasa&#8221;][vc_column][\/vc_column][\/vc_row][vc_row el_id=&#8221;cimitirul-pasarilor&#8221;][vc_column][\/vc_column][\/vc_row][vc_row][vc_column][\/vc_column][\/vc_row][vc_row][vc_column][\/vc_column][\/vc_row][vc_row][vc_column][\/vc_column][\/vc_row]<\/p>\n","protected":false},"author":8,"featured_media":14496,"parent":0,"menu_order":0,"comment_status":"closed","ping_status":"closed","template":"template-activities.php","meta":{"_acf_changed":false,"_exactmetrics_skip_tracking":false,"_exactmetrics_sitenote_active":false,"_exactmetrics_sitenote_note":"","_exactmetrics_sitenote_category":0,"footnotes":""},"class_list":["post-787","page","type-page","status-publish","has-post-thumbnail","hentry"],"acf":[],"_links":{"self":[{"href":"https:\/\/balvanyosresort.ro\/hu\/wp-json\/wp\/v2\/pages\/787","targetHints":{"allow":["GET"]}}],"collection":[{"href":"https:\/\/balvanyosresort.ro\/hu\/wp-json\/wp\/v2\/pages"}],"about":[{"href":"https:\/\/balvanyosresort.ro\/hu\/wp-json\/wp\/v2\/types\/page"}],"author":[{"embeddable":true,"href":"https:\/\/balvanyosresort.ro\/hu\/wp-json\/wp\/v2\/users\/8"}],"replies":[{"embeddable":true,"href":"https:\/\/balvanyosresort.ro\/hu\/wp-json\/wp\/v2\/comments?post=787"}],"version-history":[{"count":0,"href":"https:\/\/balvanyosresort.ro\/hu\/wp-json\/wp\/v2\/pages\/787\/revisions"}],"wp:featuredmedia":[{"embeddable":true,"href":"https:\/\/balvanyosresort.ro\/hu\/wp-json\/wp\/v2\/media\/14496"}],"wp:attachment":[{"href":"https:\/\/balvanyosresort.ro\/hu\/wp-json\/wp\/v2\/media?parent=787"}],"curies":[{"name":"wp","href":"https:\/\/api.w.org\/{rel}","templated":true}]}}