{"id":17699,"date":"2025-04-24T11:00:43","date_gmt":"2025-04-24T09:00:43","guid":{"rendered":"https:\/\/balvanyosresort.ro\/?page_id=17699"},"modified":"2025-04-24T11:01:34","modified_gmt":"2025-04-24T09:01:34","slug":"letesitmenyek-es-kornyezet","status":"publish","type":"page","link":"https:\/\/balvanyosresort.ro\/hu\/spa\/letesitmenyek-es-kornyezet\/","title":{"rendered":"L\u00e9tes\u00edtm\u00e9nyek \u00e9s k\u00f6rnyezet"},"content":{"rendered":"<div class=\"wpb-content-wrapper\"><p>[vc_row][vc_column][vc_empty_space][\/vc_column][\/vc_row][vc_row][vc_column]<article class='booklet booklet-wide booklet-right'><div class=\"booklet-image\"><img decoding=\"async\" src=\"https:\/\/balvanyosresort.ro\/wp-content\/uploads\/2016\/03\/00-1024x576.jpg\" \/><\/div><div class=\"booklet-text\"><h3>Koncepci\u00f3<\/h3><p>A hely adotts\u00e1gait felhaszn\u00e1lva, de a korszer\u0171 Spa fogalom ment\u00e9n, gy\u0171jt\u00f6tt\u00fcnk- \u00e9s f\u00e9s\u00fclt\u00fcnk \u00f6ssze \u00faj, illetve hagyom\u00e1nyos elemeket, amelyek r\u00e9v\u00e9n nem csak fizikai s\u00edkon t\u00f6reksz\u00fcnk a j\u00f3l\u00e9tre, hanem szellemileg, s\u0151t \u00e9rzelmileg is.<\/p><p>Term\u00e9szetes \u00e9s nemes elemeket haszn\u00e1ltunk fel a k\u00fcl- \u00e9s belterek kialak\u00edt\u00e1s\u00e1ra, l\u00e9trehozva a laz\u00edt\u00e1sra t\u00f6k\u00e9letesen alkalmas k\u00f6zeget egy \u00f6r\u00f6kz\u00f6ld k\u00f6rnyezetben.<\/p>\n<\/div><\/article>[\/vc_column][\/vc_row][vc_row][vc_column][vc_column_text]<\/p>\n<h2>A spa k\u00f6zel 2000 m<sup>2<\/sup>&#8211; en sz\u00e1mos \u00e9lm\u00e9nyelemmel \u00e9s csod\u00e1s k\u00f6rnyezettel<\/h2>\n<p>[\/vc_column_text][vc_empty_space][\/vc_column][\/vc_row][vc_row][vc_column]<article class='booklet booklet-wide booklet-left'><div class=\"booklet-image\"><img decoding=\"async\" src=\"https:\/\/balvanyosresort.ro\/wp-content\/uploads\/2024\/04\/Balvanyos_SPA_misa_2048px_DSC06628-1024x576.jpg\" \/><\/div><div class=\"booklet-text\"><h3>Wellness medence<\/h3><p><\/p><ul class='menu-vertical booklet-menu'>\n<li>t\u00f6bb, mint 200 m<sup>2<\/sup> fel\u00fclet<\/li>\n<li>29 \u00b0C<\/li>\n<li>\u00fasz\u00e1sra alkalmas<\/li>\n<li>t\u00f6bbf\u00e9le hidromassz\u00e1zs<\/li>\n<\/ul>\n<\/div><\/article>[\/vc_column][\/vc_row][vc_row][vc_column]<article class='booklet booklet-wide booklet-right'><div class=\"booklet-image\"><img decoding=\"async\" src=\"https:\/\/balvanyosresort.ro\/wp-content\/uploads\/2016\/03\/2-1024x576.jpg\" \/><\/div><div class=\"booklet-text\"><h3>S\u00f3svizes hidromassz\u00e1zs medence<\/h3><p><\/p><ul class='menu-vertical booklet-menu'>\n<li>S\u00f3s v\u00edz<\/li>\n<li>38 \u00b0C<\/li>\n<\/ul>\n<\/div><\/article>[\/vc_column][\/vc_row][vc_row][vc_column]<article class='booklet booklet-wide booklet-left'><div class=\"booklet-image\"><img decoding=\"async\" src=\"https:\/\/balvanyosresort.ro\/wp-content\/uploads\/2016\/03\/3-1024x576.jpg\" \/><\/div><div class=\"booklet-text\"><h3>\u00c9desvizes hidromassz\u00e1zs MEDENCE<\/h3><p><\/p><ul class='menu-vertical booklet-menu'>\n<li>forr\u00e1sv\u00edz<\/li>\n<li>37 \u00b0C<\/li>\n<li>v\u00edzes\u00e9ssel<\/li>\n<\/ul>\n<\/div><\/article>[\/vc_column][\/vc_row][vc_row][vc_column]<article class='booklet booklet-wide booklet-right'><div class=\"booklet-image\"><img decoding=\"async\" src=\"https:\/\/balvanyosresort.ro\/wp-content\/uploads\/2024\/04\/balvanyos_217-1024x576.jpg\" \/><\/div><div class=\"booklet-text\"><h3>KNEIPP v\u00e1lt\u00f3f\u00fcrd\u0151<\/h3><p><\/p><ul class='menu-vertical booklet-menu'>\n<li>hideg V\u00cdZ, 14 \u00b0C<\/li>\n<li>meleg V\u00cdZ, 36 \u00b0C<\/li>\n<\/ul>\n<\/div><\/article>[\/vc_column][\/vc_row][vc_row][vc_column]<article class='booklet booklet-wide booklet-left'><div class=\"booklet-image\"><img decoding=\"async\" src=\"https:\/\/balvanyosresort.ro\/wp-content\/uploads\/2024\/04\/DSC_2575-1024x576.jpg\" \/><\/div><div class=\"booklet-text\"><h3>K\u00fclt\u00e9ri MEDENCE<\/h3><p><\/p><ul class='menu-vertical booklet-menu'>\n<li>forr\u00e1sV\u00cdZ<\/li>\n<li>24 \u00b0C<\/li>\n<\/ul>\n<\/div><\/article>[\/vc_column][\/vc_row][vc_row][vc_column]<article class='booklet booklet-wide booklet-right'><div class=\"booklet-image\"><img decoding=\"async\" src=\"https:\/\/balvanyosresort.ro\/wp-content\/uploads\/2024\/04\/DS2_4666-1024x576.jpg\" \/><\/div><div class=\"booklet-text\"><h3>S\u00f3szoba<\/h3><p><\/p><ul class='menu-vertical booklet-menu'>\n<li>parajdi s\u00f3t\u00e9gl\u00e1kkal<\/li>\n<li>a leveg\u0151 s\u00f3ss\u00e1g\u00e1t fokoz\u00f3 berendez\u00e9ssel<\/li>\n<\/ul>\n<\/div><\/article>[\/vc_column][\/vc_row][vc_row][vc_column]<article class='booklet booklet-wide booklet-left'><div class=\"booklet-image\"><img decoding=\"async\" src=\"https:\/\/balvanyosresort.ro\/wp-content\/uploads\/2024\/10\/DS1_3085-Enhanced-NR-1024x576.jpg\" \/><\/div><div class=\"booklet-text\"><h3>Szaunavil\u00e1g<\/h3><p><\/p><ul class='menu-vertical booklet-menu'>\n<li><strong>\u00daJ! <\/strong>K\u00fcl\u00f6nleges szaunaprogramok<\/li>\n<li>Keny\u00e9r illat\u00fa szauna, 45 \u00b0C, sz\u00e1raz meleg, friss h\u00e1zi keny\u00e9r<\/li>\n<li>Sz\u00e9kely szauna, aromater\u00e1pia friss feny\u0151\u00e1gakkal 60 \u00b0C, 15% nedvess\u00e9gtartalom<\/li>\n<li>Finn szauna 90\u00a0\u00b0C<\/li>\n<li>Infraszauna 55 \u00b0C<\/li>\n<li>G\u0151zkabin 50 \u00b0C<\/li>\n<\/ul>\n<\/div><\/article>[\/vc_column][\/vc_row][vc_row][vc_column]<article class='booklet booklet-wide booklet-right'><div class=\"booklet-image\"><img decoding=\"async\" src=\"https:\/\/balvanyosresort.ro\/wp-content\/uploads\/2022\/09\/balvanyos_183-1024x576.jpg\" \/><\/div><div class=\"booklet-text\"><h3>Massz\u00e1zs \u00e9s kezel\u0151szob\u00e1k<\/h3><p><\/p><ul class='menu-vertical booklet-menu'>\n<li>11 hangulatos massz\u00e1zs \u00e9s kezel\u0151szoba<\/li>\n<li><a href=\"https:\/\/balvanyosresort.ro\/hu\/spa\/spa-menu\/\">massz\u00e1zsok<\/a><\/li>\n<li>arckezel\u00e9sek<\/li>\n<li>testkezel\u00e9sek<\/li>\n<li>agyag pakol\u00e1sok<\/li>\n<\/ul>\n<\/div><\/article>[\/vc_column][\/vc_row][vc_row][vc_column]<article class='booklet booklet-wide booklet-left'><div class=\"booklet-image\"><img decoding=\"async\" src=\"https:\/\/balvanyosresort.ro\/wp-content\/uploads\/2024\/04\/DS2_4703-1024x576.jpg\" \/><\/div><div class=\"booklet-text\"><h3>Fitneszterem<\/h3><p><\/p><ul class='menu-vertical booklet-menu'>\n<li>k\u00fclt\u00e9ri terasz<\/li>\n<li>modern g\u00e9pek \u00e9s berendez\u00e9sek<\/li>\n<\/ul>\n<\/div><\/article>[\/vc_column][\/vc_row][vc_row][vc_column]<article class='booklet booklet-wide booklet-right'><div class=\"booklet-image\"><img decoding=\"async\" src=\"https:\/\/balvanyosresort.ro\/wp-content\/uploads\/2024\/04\/DSC_0369-1024x576.jpg\" \/><\/div><div class=\"booklet-text\"><h3>Relax\u00e1ci\u00f3s helyek<\/h3><p><\/p><ul class='menu-vertical booklet-menu'>\n<li>k\u00fcl-<\/li>\n<li>\u00e9s belt\u00e9ri<\/li>\n<\/ul>\n<\/div><\/article>[\/vc_column][\/vc_row][vc_row][vc_column]<article class='booklet booklet-wide booklet-left'><div class=\"booklet-image\"><img decoding=\"async\" src=\"https:\/\/balvanyosresort.ro\/wp-content\/uploads\/2024\/04\/DS2_4688-1024x576.jpg\" \/><\/div><div class=\"booklet-text\"><h3>Spa Caf\u00e9<\/h3><p>A j\u00f3l\u00e9t \u00e9s eg\u00e9szs\u00e9g jegy\u00e9ben alak\u00edtottuk ki a spa cafe men\u00fcj\u00e9t. Fogyasszon egy eg\u00e9szs\u00e9ges frissen facsart gy\u00fcm\u00f6lcslevet, te\u00e1t, \u0171d\u00edt\u0151t vagy ak\u00e1r helyi \u00e9dess\u00e9geket.<\/p><\/div><\/article>[\/vc_column][\/vc_row]<\/p>\n<\/div>","protected":false},"excerpt":{"rendered":"<p>[vc_row][vc_column][vc_empty_space][\/vc_column][\/vc_row][vc_row][vc_column][\/vc_column][\/vc_row][vc_row][vc_column][vc_column_text] A spa k\u00f6zel 2000 m2&#8211; en sz\u00e1mos \u00e9lm\u00e9nyelemmel \u00e9s csod\u00e1s k\u00f6rnyezettel [\/vc_column_text][vc_empty_space][\/vc_column][\/vc_row][vc_row][vc_column][\/vc_column][\/vc_row][vc_row][vc_column][\/vc_column][\/vc_row][vc_row][vc_column][\/vc_column][\/vc_row][vc_row][vc_column][\/vc_column][\/vc_row][vc_row][vc_column][\/vc_column][\/vc_row][vc_row][vc_column][\/vc_column][\/vc_row][vc_row][vc_column][\/vc_column][\/vc_row][vc_row][vc_column][\/vc_column][\/vc_row][vc_row][vc_column][\/vc_column][\/vc_row][vc_row][vc_column][\/vc_column][\/vc_row][vc_row][vc_column][\/vc_column][\/vc_row]<\/p>\n","protected":false},"author":12,"featured_media":0,"parent":1820,"menu_order":0,"comment_status":"closed","ping_status":"closed","template":"template-spa.php","meta":{"_acf_changed":false,"_exactmetrics_skip_tracking":false,"_exactmetrics_sitenote_active":false,"_exactmetrics_sitenote_note":"","_exactmetrics_sitenote_category":0,"footnotes":""},"class_list":["post-17699","page","type-page","status-publish","hentry"],"acf":[],"_links":{"self":[{"href":"https:\/\/balvanyosresort.ro\/hu\/wp-json\/wp\/v2\/pages\/17699","targetHints":{"allow":["GET"]}}],"collection":[{"href":"https:\/\/balvanyosresort.ro\/hu\/wp-json\/wp\/v2\/pages"}],"about":[{"href":"https:\/\/balvanyosresort.ro\/hu\/wp-json\/wp\/v2\/types\/page"}],"author":[{"embeddable":true,"href":"https:\/\/balvanyosresort.ro\/hu\/wp-json\/wp\/v2\/users\/12"}],"replies":[{"embeddable":true,"href":"https:\/\/balvanyosresort.ro\/hu\/wp-json\/wp\/v2\/comments?post=17699"}],"version-history":[{"count":0,"href":"https:\/\/balvanyosresort.ro\/hu\/wp-json\/wp\/v2\/pages\/17699\/revisions"}],"up":[{"embeddable":true,"href":"https:\/\/balvanyosresort.ro\/hu\/wp-json\/wp\/v2\/pages\/1820"}],"wp:attachment":[{"href":"https:\/\/balvanyosresort.ro\/hu\/wp-json\/wp\/v2\/media?parent=17699"}],"curies":[{"name":"wp","href":"https:\/\/api.w.org\/{rel}","templated":true}]}}