{"id":17124,"date":"2024-07-19T14:09:56","date_gmt":"2024-07-19T12:09:56","guid":{"rendered":"https:\/\/balvanyosresort.ro\/?page_id=17124"},"modified":"2024-08-21T12:22:45","modified_gmt":"2024-08-21T10:22:45","slug":"spa-kids-friendly","status":"publish","type":"page","link":"https:\/\/balvanyosresort.ro\/hu\/spa\/spa-kids-friendly\/","title":{"rendered":"Spa Kids Friendly"},"content":{"rendered":"<div class=\"wpb-content-wrapper\"><p>[vc_row][vc_column][vc_column_text]<\/p>\n<h1>SPA KIDS FRIENDLY<\/h1>\n<p>A Grand Santerra Spa egy \u00faj, a gyermekes csal\u00e1dok sz\u00e1m\u00e1ra kialak\u00edtott f\u00fcrd\u0151vel b\u0151v\u00fclt. A Peakture sz\u00e1lloda \u00e9p\u00fclet\u00e9ben tal\u00e1lhat\u00f3 Spa 2000 n\u00e9gyzetm\u00e9teres teljes alapter\u00fclet\u00e9vel a gyerekek igazi paradicsoma, ahol a j\u00f3kedv \u00e9s sz\u00f3rakoz\u00e1s garant\u00e1lt. A gyerekek sz\u00e1m\u00e1ra kialak\u00edtott k\u00fcl\u00f6nleges vir\u00e1gos form\u00e1j\u00fa sz\u00f6k\u0151k\u00fatak, hangulatos \u00e9lm\u00e9nyelemek, a gyerekmedence a kicsik kedvence.<br \/>\nA nagy medence ide\u00e1lis \u00fasz\u00e1sra, a jakuzzi a feln\u0151ttek pihen\u0151 o\u00e1zisa. A Spa belter\u00e9ben k\u00e9nyelmes pl\u00fcssfoteleken pihenhetnek vend\u00e9geink. A t\u00e1gas k\u00fclt\u00e9ri teraszokon a pihen\u0151\u00e1gyak k\u00e9nyelm\u00e9b\u0151l \u00e9lvezhet\u0151 a friss leveg\u0151, a naps\u00fct\u00e9s \u00e9s a csod\u00e1latos k\u00f6rnyezet.[\/vc_column_text][\/vc_column][\/vc_row][vc_row][vc_column][vc_column_text]<\/p>\n<h3 style=\"text-align: center;\">A spa k\u00f6zel 2000 m<sup>2<\/sup>\u2013 en sz\u00e1mos \u00e9lm\u00e9nyelemmel \u00e9s csod\u00e1s k\u00f6rnyezettel.<\/h3>\n<p>[\/vc_column_text][\/vc_column][\/vc_row][vc_row][vc_column]<article class='booklet booklet-wide booklet-left'><div class=\"booklet-image\"><img decoding=\"async\" src=\"https:\/\/balvanyosresort.ro\/wp-content\/uploads\/2024\/07\/DS1_8686-1-1024x576.jpg\" \/><\/div><div class=\"booklet-text\"><h3>\u00dasz\u00f3medence<\/h3><p><\/p><ul class=\"menu-vertical booklet-menu\">\n<li>forr\u00e1sv\u00edz<\/li>\n<li>28 \u00b0C<\/li>\n<li>25 m\u00e9ter hossz\u00fa<\/li>\n<li>140 cm m\u00e9lys\u00e9g\u0171<\/li>\n<\/ul>\n<\/div><\/article>[\/vc_column][\/vc_row][vc_row][vc_column]<article class='booklet booklet-wide booklet-right'><div class=\"booklet-image\"><img decoding=\"async\" src=\"https:\/\/balvanyosresort.ro\/wp-content\/uploads\/2024\/07\/DS1_8893-2-1024x576.jpg\" \/><\/div><div class=\"booklet-text\"><h3>Splash Zone<\/h3><p><\/p><ul class=\"menu-vertical booklet-menu\">\n<li>Forr\u00e1sv\u00edz<\/li>\n<li>40 cm m\u00e9lys\u00e9g\u0171 gyerekmedence<\/li>\n<li>31 \u00b0C<\/li>\n<li>sz\u00f6k\u0151k\u00fatak, hangulatos \u00e9lm\u00e9nyelemek<\/li>\n<\/ul>\n<\/div><\/article>[\/vc_column][\/vc_row][vc_row][vc_column]<article class='booklet booklet-wide booklet-left'><div class=\"booklet-image\"><img decoding=\"async\" src=\"https:\/\/balvanyosresort.ro\/wp-content\/uploads\/2024\/07\/WhatsApp-Image-2024-07-26-at-12.13.50-1024x576.jpeg\" \/><\/div><div class=\"booklet-text\"><h3>Jacuzzi<\/h3><p><\/p><ul class='menu-vertical booklet-menu'>\n<li>Forr\u00e1sv\u00edz<\/li>\n<li>36 \u00b0C<\/li>\n<li>Hidromassz\u00e1zs<\/li>\n<\/ul>\n<\/div><\/article>[\/vc_column][\/vc_row][vc_row][vc_column]<article class='booklet booklet-wide booklet-right'><div class=\"booklet-image\"><img decoding=\"async\" src=\"https:\/\/balvanyosresort.ro\/wp-content\/uploads\/2024\/07\/DS1_8751-1-1024x576.jpg\" \/><\/div><div class=\"booklet-text\"><h3>K\u00fclt\u00e9ri napoz\u00f3 terasz<\/h3><p><\/p><ul class='menu-vertical booklet-menu'>\n<li>k\u00e9nyelmes napoz\u00f3\u00e1gyak<\/li>\n<li>pihen\u0151hely<\/li>\n<\/ul>\n<\/div><\/article>[\/vc_column][\/vc_row][vc_row][vc_column][vc_column_text]<\/p>\n<h3>Fot\u00f3gal\u00e9ria<\/h3>\n<p>[\/vc_column_text][\/vc_column][\/vc_row][vc_row][vc_column width=&#8221;1\/2&#8243;][vc_single_image image=&#8221;15666&#8243; img_size=&#8221;gallery_preview&#8221;][\/vc_column][vc_column width=&#8221;1\/2&#8243;][vc_gallery type=&#8221;image_grid&#8221; images=&#8221;15663,15660,15657,15654,15651,15648,15645,15642,15639,15636,15633,15630,15627,15624,15621,15618,15615,15612&#8243; img_size=&#8221;gallery_thumbnail&#8221;][\/vc_column][\/vc_row]<\/p>\n<\/div>","protected":false},"excerpt":{"rendered":"<p>[vc_row][vc_column][vc_column_text] SPA KIDS FRIENDLY A Grand Santerra Spa egy \u00faj, a gyermekes csal\u00e1dok sz\u00e1m\u00e1ra kialak\u00edtott f\u00fcrd\u0151vel b\u0151v\u00fclt. A Peakture sz\u00e1lloda \u00e9p\u00fclet\u00e9ben tal\u00e1lhat\u00f3 Spa 2000 n\u00e9gyzetm\u00e9teres teljes alapter\u00fclet\u00e9vel a gyerekek igazi paradicsoma, ahol a j\u00f3kedv \u00e9s sz\u00f3rakoz\u00e1s garant\u00e1lt. A gyerekek sz\u00e1m\u00e1ra kialak\u00edtott k\u00fcl\u00f6nleges vir\u00e1gos form\u00e1j\u00fa sz\u00f6k\u0151k\u00fatak, hangulatos \u00e9lm\u00e9nyelemek, a gyerekmedence a kicsik kedvence. A nagy medence [&hellip;]<\/p>\n","protected":false},"author":6,"featured_media":15656,"parent":1820,"menu_order":0,"comment_status":"closed","ping_status":"closed","template":"template-spa.php","meta":{"_acf_changed":false,"_exactmetrics_skip_tracking":false,"_exactmetrics_sitenote_active":false,"_exactmetrics_sitenote_note":"","_exactmetrics_sitenote_category":0,"footnotes":""},"class_list":["post-17124","page","type-page","status-publish","has-post-thumbnail","hentry"],"acf":[],"_links":{"self":[{"href":"https:\/\/balvanyosresort.ro\/hu\/wp-json\/wp\/v2\/pages\/17124","targetHints":{"allow":["GET"]}}],"collection":[{"href":"https:\/\/balvanyosresort.ro\/hu\/wp-json\/wp\/v2\/pages"}],"about":[{"href":"https:\/\/balvanyosresort.ro\/hu\/wp-json\/wp\/v2\/types\/page"}],"author":[{"embeddable":true,"href":"https:\/\/balvanyosresort.ro\/hu\/wp-json\/wp\/v2\/users\/6"}],"replies":[{"embeddable":true,"href":"https:\/\/balvanyosresort.ro\/hu\/wp-json\/wp\/v2\/comments?post=17124"}],"version-history":[{"count":0,"href":"https:\/\/balvanyosresort.ro\/hu\/wp-json\/wp\/v2\/pages\/17124\/revisions"}],"up":[{"embeddable":true,"href":"https:\/\/balvanyosresort.ro\/hu\/wp-json\/wp\/v2\/pages\/1820"}],"wp:featuredmedia":[{"embeddable":true,"href":"https:\/\/balvanyosresort.ro\/hu\/wp-json\/wp\/v2\/media\/15656"}],"wp:attachment":[{"href":"https:\/\/balvanyosresort.ro\/hu\/wp-json\/wp\/v2\/media?parent=17124"}],"curies":[{"name":"wp","href":"https:\/\/api.w.org\/{rel}","templated":true}]}}