{"id":14704,"date":"2024-04-19T14:20:43","date_gmt":"2024-04-19T12:20:43","guid":{"rendered":"https:\/\/balvanyosresort.ro\/?page_id=14704"},"modified":"2025-05-07T09:12:50","modified_gmt":"2025-05-07T07:12:50","slug":"engedelyek","status":"publish","type":"page","link":"https:\/\/balvanyosresort.ro\/hu\/engedelyek\/","title":{"rendered":"Enged\u00e9lyek"},"content":{"rendered":"<h1>M\u0171k\u00f6d\u00e9si enged\u00e9lyek:<\/h1>\n<ul style=\"list-style-type: disc; margin: 1rem 0 0 2rem;\">\n<li><a href=\"https:\/\/balvanyosresort.ro\/wp-content\/uploads\/2025\/05\/complex_hotelier_balvanyos_resort_cdc.pdf\">Complex Hotelier Balvanyos Resort<\/a><\/li>\n<li><a href=\"https:\/\/balvanyosresort.ro\/wp-content\/uploads\/2025\/05\/certificat_de_clasificare_apartamente_de_inchiriat_panorama.pdf\">Apartamente de inchiriat Panorama<\/a><\/li>\n<li><a href=\"https:\/\/balvanyosresort.ro\/wp-content\/uploads\/2024\/04\/Certificat-de-clasificare-Panorama-2.pdf\">Panorama 2<\/a><\/li>\n<li><a href=\"https:\/\/balvanyosresort.ro\/wp-content\/uploads\/2024\/04\/Certificat-de-clasificare-Grand-Hotel-Balvanyos.pdf\">Restaurant Clasic &#8211; Grand Hotel Balvanyos<\/a><\/li>\n<li><a href=\"https:\/\/balvanyosresort.ro\/wp-content\/uploads\/2024\/04\/Certificat-de-clasificare-Bar-de-zi-Grand-Hotel-Balvanyos-Spa-Cafe.pdf\">Bar de zi Grand Hotel Balvanyos &#8211; Spa Caf\u00e9<\/a><\/li>\n<li><a href=\"https:\/\/balvanyosresort.ro\/wp-content\/uploads\/2024\/04\/Certificat-de-clasificare-Bar-de-zi-Grand-Hotel-Balvanyos-Lobby-Bar.pdf\">Bar de zi Grand Hotel Balvanyos &#8211; Lobby Bar<\/a><\/li>\n<li><a href=\"https:\/\/balvanyosresort.ro\/wp-content\/uploads\/2024\/04\/Certificat-de-clasificare-Restaurant-cu-specific-local-Gastrolab.pdf\">Restaurant cu specific local Gastrolab<\/a><\/li>\n<li><a href=\"https:\/\/balvanyosresort.ro\/wp-content\/uploads\/2025\/05\/bunda_berry_cdc.pdf\">Bundaberry<\/a><\/li>\n<li><a href=\"https:\/\/balvanyosresort.ro\/wp-content\/uploads\/2025\/05\/champagne_more_cdc.pdf\">Champagne&amp;more<\/a><\/li>\n<\/ul>\n","protected":false},"excerpt":{"rendered":"<p>M\u0171k\u00f6d\u00e9si enged\u00e9lyek: Complex Hotelier Balvanyos Resort Apartamente de inchiriat Panorama Panorama 2 Restaurant Clasic &#8211; Grand Hotel Balvanyos Bar de zi Grand Hotel Balvanyos &#8211; Spa Caf\u00e9 Bar de zi Grand Hotel Balvanyos &#8211; Lobby Bar Restaurant cu specific local Gastrolab Bundaberry Champagne&amp;more<\/p>\n","protected":false},"author":1,"featured_media":0,"parent":0,"menu_order":0,"comment_status":"closed","ping_status":"closed","template":"template-grand-hotel.php","meta":{"_acf_changed":false,"_exactmetrics_skip_tracking":false,"_exactmetrics_sitenote_active":false,"_exactmetrics_sitenote_note":"","_exactmetrics_sitenote_category":0,"footnotes":""},"class_list":["post-14704","page","type-page","status-publish","hentry"],"acf":[],"_links":{"self":[{"href":"https:\/\/balvanyosresort.ro\/hu\/wp-json\/wp\/v2\/pages\/14704","targetHints":{"allow":["GET"]}}],"collection":[{"href":"https:\/\/balvanyosresort.ro\/hu\/wp-json\/wp\/v2\/pages"}],"about":[{"href":"https:\/\/balvanyosresort.ro\/hu\/wp-json\/wp\/v2\/types\/page"}],"author":[{"embeddable":true,"href":"https:\/\/balvanyosresort.ro\/hu\/wp-json\/wp\/v2\/users\/1"}],"replies":[{"embeddable":true,"href":"https:\/\/balvanyosresort.ro\/hu\/wp-json\/wp\/v2\/comments?post=14704"}],"version-history":[{"count":0,"href":"https:\/\/balvanyosresort.ro\/hu\/wp-json\/wp\/v2\/pages\/14704\/revisions"}],"wp:attachment":[{"href":"https:\/\/balvanyosresort.ro\/hu\/wp-json\/wp\/v2\/media?parent=14704"}],"curies":[{"name":"wp","href":"https:\/\/api.w.org\/{rel}","templated":true}]}}