{"id":75,"date":"2015-10-14T08:49:14","date_gmt":"2015-10-14T08:49:14","guid":{"rendered":"http:\/\/balvanyos.local\/?page_id=75"},"modified":"2024-04-18T14:02:12","modified_gmt":"2024-04-18T12:02:12","slug":"hotel","status":"publish","type":"page","link":"https:\/\/balvanyosresort.ro\/en\/hotel\/","title":{"rendered":"Rooms"},"content":{"rendered":"<div class=\"wpb-content-wrapper\"><div class=\"container\">[vc_row][vc_column width=&#8221;1\/4&#8243;][vc_column_text]<a class=\"btn btn-default btn-sm\" href=\"#camera-single\">Camera Single<\/a>[\/vc_column_text][\/vc_column][vc_column width=&#8221;1\/4&#8243;][vc_column_text]<a class=\"btn btn-default btn-sm\" href=\"#camera-double\">Camera Double<\/a>[\/vc_column_text][\/vc_column][vc_column width=&#8221;1\/4&#8243;][vc_column_text]<a class=\"btn btn-default btn-sm\" href=\"#junior-suite\">Junior Suite<\/a>[\/vc_column_text][\/vc_column][vc_column width=&#8221;1\/4&#8243;][vc_column_text]<a class=\"btn btn-default btn-sm\" href=\"#apartament-cu-2-dormitoare\">Apartament<\/a>[\/vc_column_text][\/vc_column][\/vc_row][vc_row][vc_column][vc_column_text][room name=&#8221;Camera single&#8221; description=&#8221;Cele 6 camere single sunt destinate caz\u0103rii unei singure persoane. Camerele au design modern cu culori proaspete \u0219i pure, care umple camera cu lumin\u0103 \u0219i c\u0103ldur\u0103.&#8221; properties=&#8221;CABLU TV:LCD TV,Mic dejun:da,Baie spatioasa:30 m2,SEIF:da,Parcare:da&#8221; image=&#8221;287&#8243;][room name=&#8221;Camera Double&#8221; description=&#8221;Cele 50 camere Twin (cu pat dublu) \u0219i 45 camere Queen (cu pat matrimonial) au fost<br \/>\nechipate pentru a v\u0103 oferi tot confortul necesar unei \u015federi pl\u0103cute \u00een hotel, majoritatea<br \/>\nav\u00e2nd teras\u0103 cu vedere la p\u0103durea \u00eenconjur\u0103toare. Aceste camere beneficiaz\u0103 din plin de lumin\u0103<br \/>\nnatural\u0103 datorit\u0103 geamurilor mari, oferind o priveli\u0219te superb\u0103 asupra p\u0103durii \u00eenconjur\u0103toare.&#8221; properties=&#8221;CABLU TV:LCD TV,Mic dejun:da,Baie spatioasa:30 m2,SEIF:da,Parcare:da&#8221; image=&#8221;286&#8243;][room name=&#8221;Junior Suite&#8221; description=&#8221;C\u00e2nd dori\u021bi mai mult spa\u021biu pentru relaxare \u0219i lucru solu\u021bia perfect\u0103 este o camer\u0103 Junior Suite.<br \/>\nPe l\u00e2ng\u0103 zona de dormit, aceast\u0103 camer\u0103 dispune \u0219i de o zon\u0103 de living spa\u021bioas\u0103.<br \/>\nHotelul dispune de 10 camere Junior Suite&#8221; properties=&#8221;CABLU TV:LCD TV,Mic dejun:da,Baie spatioasa:30 m2,SEIF:da,Parcare:da&#8221; image=&#8221;289&#8243;][room name=&#8221;Apartament cu 2 dormitoare&#8221; description=&#8221;Cel mai mare, si cel mai confortabil apartament al hotelului nostru, are 95 de metrii p\u0103trati,<br \/>\neste ideal pentru acomodarea a dou\u0103 familii, sau a unei familii cu mai mul\u021bi copii.<br \/>\nStructura apartamentului: un dormitor Queen si unul Twin, un living room \u00eentre ele,<br \/>\nsi o teras\u0103 imens\u0103, cu cea mai frumoas\u0103 priveli\u0219te din hotel.&#8221; properties=&#8221;CABLU TV:LCD TV,Mic dejun:da,Baie spatioasa:30 m2,SEIF:da,Parcare:da&#8221; image=&#8221;239&#8243;][\/vc_column_text][\/vc_column][\/vc_row][vc_row][vc_column][\/vc_column][\/vc_row]<\/div>\n<\/div>","protected":false},"excerpt":{"rendered":"[vc_row][vc_column width=\"1\/4\"][vc_column_text]Camera Single[\/vc_column_text][\/vc_column][vc_column width=\"1\/4\"][vc_column_text]Camera Double[\/vc_column_text][\/vc_column][vc_column width=\"1\/4\"][vc_column_text]Junior Suite[\/vc_column_text][\/vc_column][vc_column width=\"1\/4\"][vc_column_text]Apartament[\/vc_column_text][\/vc_column][\/vc_row][vc_row][vc_column][vc_column_text][room name=\"Camera single\" description=\"Cele 6 camere single sunt destinate caz\u0103rii unei singure persoane. Camerele au design modern cu culori proaspete \u0219i pure, care umple camera cu lumin\u0103 \u0219i c\u0103ldur\u0103.\" properties=\"CABLU TV:LCD TV,Mic dejun:da,Baie spatioasa:30 m2,SEIF:da,Parcare:da\" image=\"287\"][room name=\"Camera Double\" description=\"Cele 50 camere Twin (cu pat dublu) \u0219i 45 camere [...]","protected":false},"author":8,"featured_media":0,"parent":0,"menu_order":0,"comment_status":"closed","ping_status":"closed","template":"","meta":{"_acf_changed":false,"_exactmetrics_skip_tracking":false,"_exactmetrics_sitenote_active":false,"_exactmetrics_sitenote_note":"","_exactmetrics_sitenote_category":0,"footnotes":""},"class_list":["post-75","page","type-page","status-publish","hentry"],"acf":[],"_links":{"self":[{"href":"https:\/\/balvanyosresort.ro\/en\/wp-json\/wp\/v2\/pages\/75","targetHints":{"allow":["GET"]}}],"collection":[{"href":"https:\/\/balvanyosresort.ro\/en\/wp-json\/wp\/v2\/pages"}],"about":[{"href":"https:\/\/balvanyosresort.ro\/en\/wp-json\/wp\/v2\/types\/page"}],"author":[{"embeddable":true,"href":"https:\/\/balvanyosresort.ro\/en\/wp-json\/wp\/v2\/users\/8"}],"replies":[{"embeddable":true,"href":"https:\/\/balvanyosresort.ro\/en\/wp-json\/wp\/v2\/comments?post=75"}],"version-history":[{"count":0,"href":"https:\/\/balvanyosresort.ro\/en\/wp-json\/wp\/v2\/pages\/75\/revisions"}],"wp:attachment":[{"href":"https:\/\/balvanyosresort.ro\/en\/wp-json\/wp\/v2\/media?parent=75"}],"curies":[{"name":"wp","href":"https:\/\/api.w.org\/{rel}","templated":true}]}}